{"id":4410,"date":"2026-05-04T16:59:23","date_gmt":"2026-05-04T16:59:23","guid":{"rendered":"https:\/\/vidaverde19.nl\/unsere-nachhaltigkeitsreise\/"},"modified":"2026-05-05T08:34:56","modified_gmt":"2026-05-05T08:34:56","slug":"unsere-nachhaltigkeitsreise","status":"publish","type":"page","link":"https:\/\/vidaverde19.nl\/de\/unsere-nachhaltigkeitsreise\/","title":{"rendered":"Unsere Nachhaltigkeitsreise"},"content":{"rendered":"\t\t<div data-elementor-type=\"wp-page\" data-elementor-id=\"4410\" class=\"elementor elementor-4410 elementor-4398\">\n\t\t\t\t\t\t<section class=\"elementor-section elementor-top-section elementor-element elementor-element-b4a28a8 elementor-section-height-min-height elementor-section-boxed elementor-section-height-default elementor-section-items-middle\" data-id=\"b4a28a8\" data-element_type=\"section\" data-e-type=\"section\" data-settings=\"{&quot;background_background&quot;:&quot;classic&quot;}\">\n\t\t\t\t\t\t\t<div class=\"elementor-background-overlay\"><\/div>\n\t\t\t\t\t\t\t<div class=\"elementor-container elementor-column-gap-default\">\n\t\t\t\t\t<div class=\"elementor-column elementor-col-100 elementor-top-column elementor-element elementor-element-16f7076\" data-id=\"16f7076\" data-element_type=\"column\" data-e-type=\"column\">\n\t\t\t<div class=\"elementor-widget-wrap elementor-element-populated\">\n\t\t\t\t\t\t<div class=\"elementor-element elementor-element-60bbb18 elementor-widget elementor-widget-heading\" data-id=\"60bbb18\" data-element_type=\"widget\" data-e-type=\"widget\" data-widget_type=\"heading.default\">\n\t\t\t\t<div class=\"elementor-widget-container\">\n\t\t\t\t\t<h1 class=\"elementor-heading-title elementor-size-default\">Unsere Nachhaltigkeitsreise<\/h1>\t\t\t\t<\/div>\n\t\t\t\t<\/div>\n\t\t\t\t\t<\/div>\n\t\t<\/div>\n\t\t\t\t\t<\/div>\n\t\t<\/section>\n\t\t\t\t<section class=\"elementor-section elementor-top-section elementor-element elementor-element-9f2d568 elementor-section-boxed elementor-section-height-default elementor-section-height-default\" data-id=\"9f2d568\" data-element_type=\"section\" data-e-type=\"section\">\n\t\t\t\t\t\t<div class=\"elementor-container elementor-column-gap-default\">\n\t\t\t\t\t<div class=\"elementor-column elementor-col-100 elementor-top-column elementor-element elementor-element-9d3cc11\" data-id=\"9d3cc11\" data-element_type=\"column\" data-e-type=\"column\">\n\t\t\t<div class=\"elementor-widget-wrap elementor-element-populated\">\n\t\t\t\t\t\t<div class=\"elementor-element elementor-element-f94b577 elementor-widget elementor-widget-heading\" data-id=\"f94b577\" data-element_type=\"widget\" data-e-type=\"widget\" data-widget_type=\"heading.default\">\n\t\t\t\t<div class=\"elementor-widget-container\">\n\t\t\t\t\t<p class=\"elementor-heading-title elementor-size-default\">Bei Vida Verde ist Nachhaltigkeit kein Trend, sondern eine Lebensweise. Jeder Schritt, den wir gehen, ob gro\u00df oder klein, basiert auf der \u00dcberzeugung, dass Komfort, Gastfreundschaft und Respekt f\u00fcr die Umwelt wunderbar zusammenpassen. Unten findest du, was wir bereits erreicht haben und woran wir weiter arbeiten.<\/p>\t\t\t\t<\/div>\n\t\t\t\t<\/div>\n\t\t\t\t<section class=\"elementor-section elementor-inner-section elementor-element elementor-element-656c4e6 elementor-section-boxed elementor-section-height-default elementor-section-height-default\" data-id=\"656c4e6\" data-element_type=\"section\" data-e-type=\"section\">\n\t\t\t\t\t\t<div class=\"elementor-container elementor-column-gap-default\">\n\t\t\t\t\t<div class=\"elementor-column elementor-col-100 elementor-inner-column elementor-element elementor-element-c93f339\" data-id=\"c93f339\" data-element_type=\"column\" data-e-type=\"column\">\n\t\t\t<div class=\"elementor-widget-wrap elementor-element-populated\">\n\t\t\t\t\t\t<div class=\"elementor-element elementor-element-cba0eaf elementor-widget elementor-widget-heading\" data-id=\"cba0eaf\" data-element_type=\"widget\" data-e-type=\"widget\" data-widget_type=\"heading.default\">\n\t\t\t\t<div class=\"elementor-widget-container\">\n\t\t\t\t\t<h2 class=\"elementor-heading-title elementor-size-default\">Unsere Nachhaltigkeitsreiseney<\/h2>\t\t\t\t<\/div>\n\t\t\t\t<\/div>\n\t\t\t\t<div class=\"elementor-element elementor-element-19cb986 elementor-widget elementor-widget-text-editor\" data-id=\"19cb986\" data-element_type=\"widget\" data-e-type=\"widget\" data-widget_type=\"text-editor.default\">\n\t\t\t\t<div class=\"elementor-widget-container\">\n\t\t\t\t\t\t\t\t\t<h2>\ud83c\udf3f <strong>Umwelt<\/strong><\/h2><br><h3><strong>\u2714\ufe0f Was wir bereits erreicht haben<\/strong><\/h3><br><ul>\r\n \t<li>Gasfrei seit 2020<\/li>\r\n \t<li>Heizung und Warmwasser \u00fcber eine effiziente W\u00e4rmepumpe<\/li>\r\n \t<li>Komplettes Geb\u00e4ude mit energieeffizienter Fu\u00dfbodenheizung<\/li>\r\n \t<li>Solarpanels zur eigenen Stromerzeugung<\/li>\r\n \t<li>Regenwassersammlung (2 \u00d7 10.000 Liter) f\u00fcr Garten und Toiletten<\/li>\r\n \t<li>Verwendung umweltfreundlicher Reinigungsmittel<\/li>\r\n \t<li>M\u00fclltrennung f\u00fcr G\u00e4ste und intern<\/li>\r\n \t<li>Fr\u00fchst\u00fcck mit lokalen und regionalen Produkten<\/li>\r\n \t<li>Naturfreundlicher Garten mit heimischen Pflanzen<\/li>\r\n<\/ul><br><h3><strong>\u27a1\ufe0f Woran wir arbeiten<\/strong><\/h3><br><ul>\r\n \t<li>Weitere Reduzierung des Stromverbrauchs durch smartere Nutzung und Monitoring<\/li>\r\n \t<li>Erh\u00f6hung des Anteils selbst erzeugter Solarenergie<\/li>\r\n \t<li>Ausbau der Biodiversit\u00e4t im Garten<\/li>\r\n \t<li>Pr\u00fcfung zus\u00e4tzlicher M\u00f6glichkeiten zur nachhaltigen Wassernutzung<\/li>\r\n<\/ul><br><div><\/div><br><h2>\ud83e\udd1d <strong>Soziales<\/strong><\/h2><br><h3><strong>\u2714\ufe0f Was wir bereits erreicht haben<\/strong><\/h3><br><ul>\r\n \t<li>Eine warme, sichere und inklusive Umgebung f\u00fcr alle G\u00e4ste<\/li>\r\n \t<li>Zusammenarbeit mit lokalen B\u00e4ckern, Bauern und Aktivit\u00e4tsanbietern<\/li>\r\n \t<li>F\u00f6rderung lokaler Veranstaltungen und Kultur<\/li>\r\n \t<li>Transparente Kommunikation mit unseren G\u00e4sten<\/li>\r\n \t<li>Ein gesundes und sicheres Arbeitsumfeld f\u00fcr uns und unsere Helfer<\/li>\r\n<\/ul><br><h3><strong>\u27a1\ufe0f Woran wir arbeiten<\/strong><\/h3><br><ul>\r\n \t<li>Ausbau der Kooperationen mit weiteren lokalen Produzenten<\/li>\r\n \t<li>G\u00e4sten noch mehr nachhaltige regionale Erlebnisse anbieten<\/li>\r\n \t<li>Weitere Verbesserung von Barrierefreiheit und Inklusion<\/li>\r\n<\/ul><br><div><\/div><br><h2>\ud83e\udded <strong>Verantwortungsvolles Unternehmertum<\/strong><\/h2><br><h3><strong>\u2714\ufe0f Was wir bereits erreicht haben<\/strong><\/h3><br><ul>\r\n \t<li>Klare Nachhaltigkeitsziele (Energieeinsparung, Wassersparen, M\u00fcllreduzierung)<\/li>\r\n \t<li>Transparente Offenlegung unseres Energieverbrauchs<\/li>\r\n \t<li>Einhaltung aller Sicherheits- und Umweltvorschriften (Brandschutz, Legionellenpflicht usw.)<\/li>\r\n \t<li>Faire Preisgestaltung ohne versteckte Kosten<\/li>\r\n<\/ul><br><h3><strong>\u27a1\ufe0f Woran wir arbeiten<\/strong><\/h3><br><ul>\r\n \t<li>J\u00e4hrliche Weiterentwicklung unserer Nachhaltigkeitsziele<\/li>\r\n \t<li>Verbesserung der Dokumentation f\u00fcr Audits und Zertifizierungen<\/li>\r\n \t<li>Pr\u00fcfung neuer Wege, unsere Betriebsabl\u00e4ufe noch transparenter zu gestalten<\/li>\r\n<\/ul>\t\t\t\t\t\t\t\t<\/div>\n\t\t\t\t<\/div>\n\t\t\t\t\t<\/div>\n\t\t<\/div>\n\t\t\t\t\t<\/div>\n\t\t<\/section>\n\t\t\t\t<div class=\"elementor-element elementor-element-db19d47 elementor-widget-divider--view-line elementor-widget elementor-widget-divider\" data-id=\"db19d47\" data-element_type=\"widget\" data-e-type=\"widget\" data-widget_type=\"divider.default\">\n\t\t\t\t<div class=\"elementor-widget-container\">\n\t\t\t\t\t\t\t<div class=\"elementor-divider\">\n\t\t\t<span class=\"elementor-divider-separator\">\n\t\t\t\t\t\t<\/span>\n\t\t<\/div>\n\t\t\t\t\t\t<\/div>\n\t\t\t\t<\/div>\n\t\t\t\t<div class=\"elementor-element elementor-element-e786b6a elementor-widget elementor-widget-html\" data-id=\"e786b6a\" data-element_type=\"widget\" data-e-type=\"widget\" data-widget_type=\"html.default\">\n\t\t\t\t<div class=\"elementor-widget-container\">\n\t\t\t\t\t<iframe src=\"https:\/\/www.google.com\/maps\/embed?pb=!1m18!1m12!1m3!1d2518.7096316065595!2d5.8105539514377496!3d50.855061079432815!2m3!1f0!2f0!3f0!3m2!1i1024!2i768!4f13.1!3m3!1m2!1s0x47c0eabb797c0001%3A0x7ab8da8dbade12e5!2sVidaverde19!5e0!3m2!1sen!2s!4v1649411001357!5m2!1sen!2s\" width=\"600\" height=\"450\" style=\"border:0;\" allowfullscreen=\"\" loading=\"lazy\" referrerpolicy=\"no-referrer-when-downgrade\"><\/iframe>\t\t\t\t<\/div>\n\t\t\t\t<\/div>\n\t\t\t\t\t<\/div>\n\t\t<\/div>\n\t\t\t\t\t<\/div>\n\t\t<\/section>\n\t\t\t\t<\/div>\n\t\t","protected":false},"excerpt":{"rendered":"<p>Unsere Nachhaltigkeitsreise Bei Vida Verde ist Nachhaltigkeit kein Trend, sondern eine Lebensweise. Jeder Schritt, den wir gehen, ob gro\u00df oder klein, basiert auf der \u00dcberzeugung, dass Komfort, Gastfreundschaft und Respekt f\u00fcr die Umwelt wunderbar zusammenpassen. Unten findest du, was wir bereits erreicht haben und woran wir weiter arbeiten. Unsere Nachhaltigkeitsreiseney \ud83c\udf3f Umwelt \u2714\ufe0f Was wir [&hellip;]<\/p>\n","protected":false},"author":1,"featured_media":0,"parent":0,"menu_order":0,"comment_status":"closed","ping_status":"closed","template":"","meta":{"site-sidebar-layout":"no-sidebar","site-content-layout":"page-builder","ast-site-content-layout":"full-width-container","site-content-style":"unboxed","site-sidebar-style":"unboxed","ast-global-header-display":"","ast-banner-title-visibility":"","ast-main-header-display":"","ast-hfb-above-header-display":"","ast-hfb-below-header-display":"","ast-hfb-mobile-header-display":"","site-post-title":"disabled","ast-breadcrumbs-content":"disabled","ast-featured-img":"disabled","footer-sml-layout":"","ast-disable-related-posts":"","theme-transparent-header-meta":"default","adv-header-id-meta":"","stick-header-meta":"default","header-above-stick-meta":"","header-main-stick-meta":"","header-below-stick-meta":"","astra-migrate-meta-layouts":"default","ast-page-background-enabled":"default","ast-page-background-meta":{"desktop":{"background-color":"","background-image":"","background-repeat":"repeat","background-position":"center center","background-size":"auto","background-attachment":"scroll","background-type":"","background-media":"","overlay-type":"","overlay-color":"","overlay-opacity":"","overlay-gradient":""},"tablet":{"background-color":"","background-image":"","background-repeat":"repeat","background-position":"center center","background-size":"auto","background-attachment":"scroll","background-type":"","background-media":"","overlay-type":"","overlay-color":"","overlay-opacity":"","overlay-gradient":""},"mobile":{"background-color":"","background-image":"","background-repeat":"repeat","background-position":"center center","background-size":"auto","background-attachment":"scroll","background-type":"","background-media":"","overlay-type":"","overlay-color":"","overlay-opacity":"","overlay-gradient":""}},"ast-content-background-meta":{"desktop":{"background-color":"var(--ast-global-color-5)","background-image":"","background-repeat":"repeat","background-position":"center center","background-size":"auto","background-attachment":"scroll","background-type":"","background-media":"","overlay-type":"","overlay-color":"","overlay-opacity":"","overlay-gradient":""},"tablet":{"background-color":"var(--ast-global-color-5)","background-image":"","background-repeat":"repeat","background-position":"center center","background-size":"auto","background-attachment":"scroll","background-type":"","background-media":"","overlay-type":"","overlay-color":"","overlay-opacity":"","overlay-gradient":""},"mobile":{"background-color":"var(--ast-global-color-5)","background-image":"","background-repeat":"repeat","background-position":"center center","background-size":"auto","background-attachment":"scroll","background-type":"","background-media":"","overlay-type":"","overlay-color":"","overlay-opacity":"","overlay-gradient":""}},"footnotes":""},"class_list":["post-4410","page","type-page","status-publish","hentry"],"_links":{"self":[{"href":"https:\/\/vidaverde19.nl\/de\/wp-json\/wp\/v2\/pages\/4410","targetHints":{"allow":["GET"]}}],"collection":[{"href":"https:\/\/vidaverde19.nl\/de\/wp-json\/wp\/v2\/pages"}],"about":[{"href":"https:\/\/vidaverde19.nl\/de\/wp-json\/wp\/v2\/types\/page"}],"author":[{"embeddable":true,"href":"https:\/\/vidaverde19.nl\/de\/wp-json\/wp\/v2\/users\/1"}],"replies":[{"embeddable":true,"href":"https:\/\/vidaverde19.nl\/de\/wp-json\/wp\/v2\/comments?post=4410"}],"version-history":[{"count":3,"href":"https:\/\/vidaverde19.nl\/de\/wp-json\/wp\/v2\/pages\/4410\/revisions"}],"predecessor-version":[{"id":4436,"href":"https:\/\/vidaverde19.nl\/de\/wp-json\/wp\/v2\/pages\/4410\/revisions\/4436"}],"wp:attachment":[{"href":"https:\/\/vidaverde19.nl\/de\/wp-json\/wp\/v2\/media?parent=4410"}],"curies":[{"name":"wp","href":"https:\/\/api.w.org\/{rel}","templated":true}]}}