{"id":1402,"date":"2022-03-30T11:47:12","date_gmt":"2022-03-30T11:47:12","guid":{"rendered":"https:\/\/seagreen-dragonfly-198654.hostingersite.com\/?page_id=1402"},"modified":"2026-03-30T07:46:33","modified_gmt":"2026-03-30T07:46:33","slug":"datenschutz-bestimmungen","status":"publish","type":"page","link":"https:\/\/vidaverde19.nl\/de\/datenschutz-bestimmungen\/","title":{"rendered":"Datenschutz-Bestimmungen"},"content":{"rendered":"<p style=\"text-align: right;\"><button class=\"ctp-button\" onclick=\"ctp_click()\">Print<\/button><\/p>\n<h5><strong>Datenschutzerkl\u00e4rung<\/strong><\/h5>\n<p>Wir respektieren die Privatsph\u00e4re der Besucher der Website von B&amp;B Vida Verde und stellen sicher, dass die von Ihnen bereitgestellten personenbezogenen Daten vertraulich behandelt werden.<\/p>\n<p>Die Verarbeitung personenbezogener Daten erfolgt in \u00dcbereinstimmung mit den Anforderungen des Datenschutzgesetzes und der AVG.<\/p>\n<p>Zwecke der Datenverarbeitung<br \/>\nZweck der Speicherung Ihrer personenbezogenen Daten ist eine Reservierungsanfrage oder Buchung einer \u00dcbernachtung.<br \/>\nDie Daten, die Sie uns \u00fcbermitteln, werden so lange aufbewahrt, wie der Inhalt Ihrer E-Mail f\u00fcr die vollst\u00e4ndige Beantwortung und Bearbeitung Ihrer Reservierung erforderlich ist. Ihre E-Mail-Adresse wird gelegentlich zum Versand eines Newsletters verwendet, wenn Sie sich pers\u00f6nlich f\u00fcr den Newsletter angemeldet haben.<\/p>\n<p>Links zu externen Websites<br \/>\nUnsere Website enth\u00e4lt eine Reihe von Links zu Websites von Organisationen in der Tourismusbranche. Der Eigent\u00fcmer der Website B&amp;B Vida Verde kann nicht f\u00fcr die Verwendung Ihrer Daten durch diese Organisationen verantwortlich gemacht werden. Es wird empfohlen, die Datenschutzerkl\u00e4rung der entsprechenden Website zu lesen.<\/p>\n<p>DSGVO \u2013 Ihre personenbezogenen Daten<br \/>\nSeit dem 25. Mai 2018 gilt die Datenschutz-Grundverordnung (DSGVO) f\u00fcr alle Organisationen, die personenbezogene Daten in einer Datei speichern. B&amp;B Vida Verde ist auch eine solche Organisation.<br \/>\nJetzt verwaltet und speichert B&amp;B Vida Verde nur noch einfache personenbezogene Daten seiner G\u00e4ste wie Name und Wohnort, (Neben-)Adresse, E-Mail-Adresse und Telefonnummer(n), aber auch dann m\u00fcssen die Vorschriften eingehalten werden. Sie erkl\u00e4ren sich damit einverstanden, wenn Sie Ihre Reservierung f\u00fcr eine \u00dcbernachtung buchen.<\/p>\n<p>Was bedeutet das konkret?<\/p>\n<p>\u2022 Nur einfache personenbezogene Daten der G\u00e4ste (wie Name, Wohnort, (gelegentliche) Adresse, Telefonnummer(n) und E-Mail-Adresse) werden vom Eigent\u00fcmer des B&amp;B Vida Verde verarbeitet und verwaltet.<\/p>\n<p>\u2022 Die pers\u00f6nlichen Daten werden digital auf einem Laptop gespeichert, der nur vom Eigent\u00fcmer von B&amp;B Vida Verde verwaltet und verwendet wird.<\/p>\n<p>\u2022 Da B&amp;B Vida Verde ohne die Verwendung der personenbezogenen Daten nicht f\u00fcr seine G\u00e4ste arbeiten kann (z. B. um eine Reservierung vorzunehmen, einen Newsletter zu versenden, die Kurtaxe zu zahlen usw.), bildet diese Notwendigkeit eine ausreichende Grundlage in der AVG, um die personenbezogenen Daten zu verwenden.<\/p>\n<p>\u2022 Nur der Eigent\u00fcmer von B&amp;B Vida Verde verwendet und hat von Zeit zu Zeit Zugriff auf die personenbezogenen Daten. \u2022 B&amp;B Vida Verde ist verpflichtet, diese Informationen f\u00fcr die Steuerbeh\u00f6rden sieben Jahre lang aufzubewahren.<\/p>\n<p>\u2022 Sie haben jederzeit das Recht, den Eigent\u00fcmer von B&amp;B Vida Verde zu fragen, welche Ihrer personenbezogenen Daten sich in unserem System befinden und welche m\u00f6glicherweise entfernt werden m\u00fcssen.<\/p>\n<p>Wenn Sie Fragen zur DSGVO oder andere Fragen zu diesem Thema haben, senden Sie diese bitte per E-Mail an hello@vidaverde19.nl oder sprechen Sie mit dem Eigent\u00fcmer. Datenschutz- und Cookie-Erkl\u00e4rung anpassen. Wir behalten uns das Recht vor, diese Aussagen zu \u00e4ndern. \u00c4nderungen werden auf dieser Website ver\u00f6ffentlicht<\/p>\n","protected":false},"excerpt":{"rendered":"<p>Datenschutzerkl\u00e4rung Wir respektieren die Privatsph\u00e4re der Besucher der Website von B&amp;B Vida Verde und stellen sicher, dass die von Ihnen bereitgestellten personenbezogenen Daten vertraulich behandelt werden. Die Verarbeitung personenbezogener Daten erfolgt in \u00dcbereinstimmung mit den Anforderungen des Datenschutzgesetzes und der AVG. Zwecke der Datenverarbeitung Zweck der Speicherung Ihrer personenbezogenen Daten ist eine Reservierungsanfrage oder Buchung [&hellip;]<\/p>\n","protected":false},"author":1,"featured_media":0,"parent":0,"menu_order":0,"comment_status":"closed","ping_status":"closed","template":"","meta":{"site-sidebar-layout":"default","site-content-layout":"default","ast-site-content-layout":"default","site-content-style":"default","site-sidebar-style":"default","ast-global-header-display":"","ast-banner-title-visibility":"","ast-main-header-display":"","ast-hfb-above-header-display":"","ast-hfb-below-header-display":"","ast-hfb-mobile-header-display":"","site-post-title":"","ast-breadcrumbs-content":"","ast-featured-img":"","footer-sml-layout":"","ast-disable-related-posts":"","theme-transparent-header-meta":"default","adv-header-id-meta":"","stick-header-meta":"default","header-above-stick-meta":"","header-main-stick-meta":"","header-below-stick-meta":"","astra-migrate-meta-layouts":"default","ast-page-background-enabled":"default","ast-page-background-meta":{"desktop":{"background-color":"","background-image":"","background-repeat":"repeat","background-position":"center center","background-size":"auto","background-attachment":"scroll","background-type":"","background-media":"","overlay-type":"","overlay-color":"","overlay-opacity":"","overlay-gradient":""},"tablet":{"background-color":"","background-image":"","background-repeat":"repeat","background-position":"center center","background-size":"auto","background-attachment":"scroll","background-type":"","background-media":"","overlay-type":"","overlay-color":"","overlay-opacity":"","overlay-gradient":""},"mobile":{"background-color":"","background-image":"","background-repeat":"repeat","background-position":"center center","background-size":"auto","background-attachment":"scroll","background-type":"","background-media":"","overlay-type":"","overlay-color":"","overlay-opacity":"","overlay-gradient":""}},"ast-content-background-meta":{"desktop":{"background-color":"var(--ast-global-color-5)","background-image":"","background-repeat":"repeat","background-position":"center center","background-size":"auto","background-attachment":"scroll","background-type":"","background-media":"","overlay-type":"","overlay-color":"","overlay-opacity":"","overlay-gradient":""},"tablet":{"background-color":"var(--ast-global-color-5)","background-image":"","background-repeat":"repeat","background-position":"center center","background-size":"auto","background-attachment":"scroll","background-type":"","background-media":"","overlay-type":"","overlay-color":"","overlay-opacity":"","overlay-gradient":""},"mobile":{"background-color":"var(--ast-global-color-5)","background-image":"","background-repeat":"repeat","background-position":"center center","background-size":"auto","background-attachment":"scroll","background-type":"","background-media":"","overlay-type":"","overlay-color":"","overlay-opacity":"","overlay-gradient":""}},"footnotes":""},"class_list":["post-1402","page","type-page","status-publish","hentry"],"_links":{"self":[{"href":"https:\/\/vidaverde19.nl\/de\/wp-json\/wp\/v2\/pages\/1402","targetHints":{"allow":["GET"]}}],"collection":[{"href":"https:\/\/vidaverde19.nl\/de\/wp-json\/wp\/v2\/pages"}],"about":[{"href":"https:\/\/vidaverde19.nl\/de\/wp-json\/wp\/v2\/types\/page"}],"author":[{"embeddable":true,"href":"https:\/\/vidaverde19.nl\/de\/wp-json\/wp\/v2\/users\/1"}],"replies":[{"embeddable":true,"href":"https:\/\/vidaverde19.nl\/de\/wp-json\/wp\/v2\/comments?post=1402"}],"version-history":[{"count":5,"href":"https:\/\/vidaverde19.nl\/de\/wp-json\/wp\/v2\/pages\/1402\/revisions"}],"predecessor-version":[{"id":3902,"href":"https:\/\/vidaverde19.nl\/de\/wp-json\/wp\/v2\/pages\/1402\/revisions\/3902"}],"wp:attachment":[{"href":"https:\/\/vidaverde19.nl\/de\/wp-json\/wp\/v2\/media?parent=1402"}],"curies":[{"name":"wp","href":"https:\/\/api.w.org\/{rel}","templated":true}]}}