{"id":1400,"date":"2022-03-30T10:57:09","date_gmt":"2022-03-30T10:57:09","guid":{"rendered":"https:\/\/seagreen-dragonfly-198654.hostingersite.com\/pakete\/"},"modified":"2026-04-04T07:03:21","modified_gmt":"2026-04-04T07:03:21","slug":"pakete","status":"publish","type":"page","link":"https:\/\/vidaverde19.nl\/de\/pakete\/","title":{"rendered":"Pakete"},"content":{"rendered":"\t\t<div data-elementor-type=\"wp-page\" data-elementor-id=\"1400\" class=\"elementor elementor-1400 elementor-23\">\n\t\t\t\t\t\t<section class=\"elementor-section elementor-top-section elementor-element elementor-element-e925222 elementor-section-height-min-height elementor-section-boxed elementor-section-height-default elementor-section-items-middle\" data-id=\"e925222\" data-element_type=\"section\" data-e-type=\"section\" data-settings=\"{&quot;background_background&quot;:&quot;classic&quot;}\">\n\t\t\t\t\t\t\t<div class=\"elementor-background-overlay\"><\/div>\n\t\t\t\t\t\t\t<div class=\"elementor-container elementor-column-gap-default\">\n\t\t\t\t\t<div class=\"elementor-column elementor-col-100 elementor-top-column elementor-element elementor-element-6806e16\" data-id=\"6806e16\" data-element_type=\"column\" data-e-type=\"column\">\n\t\t\t<div class=\"elementor-widget-wrap elementor-element-populated\">\n\t\t\t\t\t\t<div class=\"elementor-element elementor-element-a6f6984 elementor-widget elementor-widget-heading\" data-id=\"a6f6984\" data-element_type=\"widget\" data-e-type=\"widget\" data-widget_type=\"heading.default\">\n\t\t\t\t<div class=\"elementor-widget-container\">\n\t\t\t\t\t<h1 class=\"elementor-heading-title elementor-size-default\">Extras<\/h1>\t\t\t\t<\/div>\n\t\t\t\t<\/div>\n\t\t\t\t\t<\/div>\n\t\t<\/div>\n\t\t\t\t\t<\/div>\n\t\t<\/section>\n\t\t\t\t<section class=\"elementor-section elementor-top-section elementor-element elementor-element-f62f8a8 elementor-section-content-middle elementor-section-boxed elementor-section-height-default elementor-section-height-default\" data-id=\"f62f8a8\" data-element_type=\"section\" data-e-type=\"section\" id=\"ebikes\" data-settings=\"{&quot;background_background&quot;:&quot;classic&quot;}\">\n\t\t\t\t\t\t<div class=\"elementor-container elementor-column-gap-default\">\n\t\t\t\t\t<div class=\"elementor-column elementor-col-50 elementor-top-column elementor-element elementor-element-c0859d9\" data-id=\"c0859d9\" data-element_type=\"column\" data-e-type=\"column\">\n\t\t\t<div class=\"elementor-widget-wrap elementor-element-populated\">\n\t\t\t\t\t\t<div class=\"elementor-element elementor-element-567d87d elementor-widget elementor-widget-image\" data-id=\"567d87d\" data-element_type=\"widget\" data-e-type=\"widget\" data-widget_type=\"image.default\">\n\t\t\t\t<div class=\"elementor-widget-container\">\n\t\t\t\t\t\t\t\t\t\t\t\t\t\t\t<img fetchpriority=\"high\" decoding=\"async\" width=\"421\" height=\"300\" src=\"https:\/\/vidaverde19.nl\/wp-content\/uploads\/2025\/06\/1259d8dce1dacdf9.jpg\" class=\"attachment-large size-large wp-image-3684\" alt=\"E-Bikes, Mountain Bikes, Scooters, etc\" srcset=\"https:\/\/vidaverde19.nl\/wp-content\/uploads\/2025\/06\/1259d8dce1dacdf9.jpg 421w, https:\/\/vidaverde19.nl\/wp-content\/uploads\/2025\/06\/1259d8dce1dacdf9-300x214.jpg 300w\" sizes=\"(max-width: 421px) 100vw, 421px\" \/>\t\t\t\t\t\t\t\t\t\t\t\t\t\t\t<\/div>\n\t\t\t\t<\/div>\n\t\t\t\t\t<\/div>\n\t\t<\/div>\n\t\t\t\t<div class=\"elementor-column elementor-col-50 elementor-top-column elementor-element elementor-element-a1ba9a8\" data-id=\"a1ba9a8\" data-element_type=\"column\" data-e-type=\"column\">\n\t\t\t<div class=\"elementor-widget-wrap elementor-element-populated\">\n\t\t\t\t\t\t<div class=\"elementor-element elementor-element-9a32383 elementor-widget elementor-widget-heading\" data-id=\"9a32383\" data-element_type=\"widget\" data-e-type=\"widget\" data-widget_type=\"heading.default\">\n\t\t\t\t<div class=\"elementor-widget-container\">\n\t\t\t\t\t<h2 class=\"elementor-heading-title elementor-size-default\">E-Bikes und Scooter mieten<\/h2>\t\t\t\t<\/div>\n\t\t\t\t<\/div>\n\t\t\t\t<div class=\"elementor-element elementor-element-6f5f38a elementor-widget elementor-widget-heading\" data-id=\"6f5f38a\" data-element_type=\"widget\" data-e-type=\"widget\" data-widget_type=\"heading.default\">\n\t\t\t\t<div class=\"elementor-widget-container\">\n\t\t\t\t\t<p class=\"elementor-heading-title elementor-size-default\">Das Limburger H\u00fcgelland l\u00e4dt zu sch\u00f6nen Rad- und Mountainbiketouren ein, die Landschaft ist abwechslungsreich mit vielen Natursch\u00f6nheiten und kulturhistorischen Elementen, die H\u00fcgelplateaus hingegen sind eine Wohltat f\u00fcr Ruhesuchende. Die malerisch gelegenen Gasth\u00f6fe und Caf\u00e9s laden zu einer st\u00e4rkenden Pause ein.Wir haben f\u00fcr jeden Radsportbegeisterten das passende Fahrrad.<\/p>\t\t\t\t<\/div>\n\t\t\t\t<\/div>\n\t\t\t\t<div class=\"elementor-element elementor-element-2c4cefa elementor-widget elementor-widget-heading\" data-id=\"2c4cefa\" data-element_type=\"widget\" data-e-type=\"widget\" data-widget_type=\"heading.default\">\n\t\t\t\t<div class=\"elementor-widget-container\">\n\t\t\t\t\t<p class=\"elementor-heading-title elementor-size-default\">F\u00fcgen Sie dies nach Ihrer Buchung \u00fcber Ihre Guest Experience-Seite hinzu. Buchen Sie zuerst ein Zimmer, um diese Extras hinzuf\u00fcgen zu k\u00f6nnen.<\/p>\t\t\t\t<\/div>\n\t\t\t\t<\/div>\n\t\t\t\t<div class=\"elementor-element elementor-element-44b2abd elementor-align-left elementor-widget elementor-widget-button\" data-id=\"44b2abd\" data-element_type=\"widget\" data-e-type=\"widget\" data-widget_type=\"button.default\">\n\t\t\t\t<div class=\"elementor-widget-container\">\n\t\t\t\t\t\t\t\t\t<div class=\"elementor-button-wrapper\">\n\t\t\t\t\t<a class=\"elementor-button elementor-button-link elementor-size-sm elementor-animation-grow\" href=\"https:\/\/seagreen-dragonfly-198654.hostingersite.com\/the-suites\/\">\n\t\t\t\t\t\t<span class=\"elementor-button-content-wrapper\">\n\t\t\t\t\t\t\t\t\t<span class=\"elementor-button-text\">Buchen Sie jetzt<\/span>\n\t\t\t\t\t<\/span>\n\t\t\t\t\t<\/a>\n\t\t\t\t<\/div>\n\t\t\t\t\t\t\t\t<\/div>\n\t\t\t\t<\/div>\n\t\t\t\t\t<\/div>\n\t\t<\/div>\n\t\t\t\t\t<\/div>\n\t\t<\/section>\n\t\t\t\t<section class=\"elementor-section elementor-top-section elementor-element elementor-element-8ecc749 elementor-section-content-middle elementor-reverse-tablet elementor-reverse-mobile elementor-section-boxed elementor-section-height-default elementor-section-height-default\" data-id=\"8ecc749\" data-element_type=\"section\" data-e-type=\"section\" id=\"thermae\" data-settings=\"{&quot;background_background&quot;:&quot;classic&quot;}\">\n\t\t\t\t\t\t<div class=\"elementor-container elementor-column-gap-default\">\n\t\t\t\t\t<div class=\"elementor-column elementor-col-50 elementor-top-column elementor-element elementor-element-eceef89\" data-id=\"eceef89\" data-element_type=\"column\" data-e-type=\"column\">\n\t\t\t<div class=\"elementor-widget-wrap elementor-element-populated\">\n\t\t\t\t\t\t<div class=\"elementor-element elementor-element-b15b71a elementor-widget elementor-widget-heading\" data-id=\"b15b71a\" data-element_type=\"widget\" data-e-type=\"widget\" data-widget_type=\"heading.default\">\n\t\t\t\t<div class=\"elementor-widget-container\">\n\t\t\t\t\t<h2 class=\"elementor-heading-title elementor-size-default\">Thermae 2000 Experience<\/h2>\t\t\t\t<\/div>\n\t\t\t\t<\/div>\n\t\t\t\t<div class=\"elementor-element elementor-element-d32d0f1 elementor-widget elementor-widget-heading\" data-id=\"d32d0f1\" data-element_type=\"widget\" data-e-type=\"widget\" data-widget_type=\"heading.default\">\n\t\t\t\t<div class=\"elementor-widget-container\">\n\t\t\t\t\t<p class=\"elementor-heading-title elementor-size-default\">Thermae 2000 ist eines der gr\u00f6\u00dften Wellnesszentren in den Niederlanden mit nicht weniger als 60.000 m2 Wellnessbereich mit Thermal-Innen- und Au\u00dfenpools, Saunen, Dampfb\u00e4dern, Whirlpools und Spa-Programmen. Die B\u00e4der werden mit Thermalwasser aus einer eigenen Quelle in 381 Metern Tiefe im Cauberg gef\u00fcllt. De Cauberg liegt in Valkenburg aan de Geul und bietet w\u00e4hrend Ihres Wellnessbesuchs eine atemberaubende Aussicht. Ein Besuch in der Sauna ist nicht nur sehr entspannend, sondern auch sehr wohltuend.<\/p>\t\t\t\t<\/div>\n\t\t\t\t<\/div>\n\t\t\t\t<div class=\"elementor-element elementor-element-f6adbf9 elementor-widget elementor-widget-heading\" data-id=\"f6adbf9\" data-element_type=\"widget\" data-e-type=\"widget\" data-widget_type=\"heading.default\">\n\t\t\t\t<div class=\"elementor-widget-container\">\n\t\t\t\t\t<p class=\"elementor-heading-title elementor-size-default\">Preis: 32.50 EUR \/ 4 stunden<\/p>\t\t\t\t<\/div>\n\t\t\t\t<\/div>\n\t\t\t\t<div class=\"elementor-element elementor-element-faf5119 elementor-widget elementor-widget-heading\" data-id=\"faf5119\" data-element_type=\"widget\" data-e-type=\"widget\" data-widget_type=\"heading.default\">\n\t\t\t\t<div class=\"elementor-widget-container\">\n\t\t\t\t\t<p class=\"elementor-heading-title elementor-size-default\">Preis: 38.50 EUR \/ Tag<\/p>\t\t\t\t<\/div>\n\t\t\t\t<\/div>\n\t\t\t\t<div class=\"elementor-element elementor-element-1b55c9a elementor-widget elementor-widget-heading\" data-id=\"1b55c9a\" data-element_type=\"widget\" data-e-type=\"widget\" data-widget_type=\"heading.default\">\n\t\t\t\t<div class=\"elementor-widget-container\">\n\t\t\t\t\t<p class=\"elementor-heading-title elementor-size-default\">F\u00fcgen Sie dies nach Ihrer Buchung \u00fcber Ihre Guest Experience-Seite hinzu. Buchen Sie zuerst ein Zimmer, um diese Extras hinzuf\u00fcgen zu k\u00f6nnen.<\/p>\t\t\t\t<\/div>\n\t\t\t\t<\/div>\n\t\t\t\t<div class=\"elementor-element elementor-element-3e1cb3f elementor-align-left elementor-widget elementor-widget-button\" data-id=\"3e1cb3f\" data-element_type=\"widget\" data-e-type=\"widget\" data-widget_type=\"button.default\">\n\t\t\t\t<div class=\"elementor-widget-container\">\n\t\t\t\t\t\t\t\t\t<div class=\"elementor-button-wrapper\">\n\t\t\t\t\t<a class=\"elementor-button elementor-button-link elementor-size-sm elementor-animation-grow\" href=\"https:\/\/seagreen-dragonfly-198654.hostingersite.com\/the-suites\/\">\n\t\t\t\t\t\t<span class=\"elementor-button-content-wrapper\">\n\t\t\t\t\t\t\t\t\t<span class=\"elementor-button-text\">Buchen Sie jetzt<\/span>\n\t\t\t\t\t<\/span>\n\t\t\t\t\t<\/a>\n\t\t\t\t<\/div>\n\t\t\t\t\t\t\t\t<\/div>\n\t\t\t\t<\/div>\n\t\t\t\t\t<\/div>\n\t\t<\/div>\n\t\t\t\t<div class=\"elementor-column elementor-col-50 elementor-top-column elementor-element elementor-element-df8629d\" data-id=\"df8629d\" data-element_type=\"column\" data-e-type=\"column\">\n\t\t\t<div class=\"elementor-widget-wrap elementor-element-populated\">\n\t\t\t\t\t\t<div class=\"elementor-element elementor-element-c061b39 elementor-widget elementor-widget-image\" data-id=\"c061b39\" data-element_type=\"widget\" data-e-type=\"widget\" data-widget_type=\"image.default\">\n\t\t\t\t<div class=\"elementor-widget-container\">\n\t\t\t\t\t\t\t\t\t\t\t\t\t\t\t<img decoding=\"async\" width=\"1024\" height=\"683\" src=\"https:\/\/vidaverde19.nl\/wp-content\/uploads\/2025\/06\/Thermae.jpg\" class=\"attachment-large size-large wp-image-3690\" alt=\"Thermae 2000 wellness\" srcset=\"https:\/\/vidaverde19.nl\/wp-content\/uploads\/2025\/06\/Thermae.jpg 1024w, https:\/\/vidaverde19.nl\/wp-content\/uploads\/2025\/06\/Thermae-300x200.jpg 300w, https:\/\/vidaverde19.nl\/wp-content\/uploads\/2025\/06\/Thermae-768x512.jpg 768w\" sizes=\"(max-width: 1024px) 100vw, 1024px\" \/>\t\t\t\t\t\t\t\t\t\t\t\t\t\t\t<\/div>\n\t\t\t\t<\/div>\n\t\t\t\t\t<\/div>\n\t\t<\/div>\n\t\t\t\t\t<\/div>\n\t\t<\/section>\n\t\t\t\t<section class=\"elementor-section elementor-top-section elementor-element elementor-element-957096a elementor-section-content-middle elementor-section-boxed elementor-section-height-default elementor-section-height-default\" data-id=\"957096a\" data-element_type=\"section\" data-e-type=\"section\" id=\"aandelinde\" data-settings=\"{&quot;background_background&quot;:&quot;classic&quot;}\">\n\t\t\t\t\t\t<div class=\"elementor-container elementor-column-gap-default\">\n\t\t\t\t\t<div class=\"elementor-column elementor-col-50 elementor-top-column elementor-element elementor-element-ad010af\" data-id=\"ad010af\" data-element_type=\"column\" data-e-type=\"column\">\n\t\t\t<div class=\"elementor-widget-wrap elementor-element-populated\">\n\t\t\t\t\t\t<div class=\"elementor-element elementor-element-8b50d2d elementor-widget elementor-widget-image\" data-id=\"8b50d2d\" data-element_type=\"widget\" data-e-type=\"widget\" data-widget_type=\"image.default\">\n\t\t\t\t<div class=\"elementor-widget-container\">\n\t\t\t\t\t\t\t\t\t\t\t\t\t\t\t<img decoding=\"async\" width=\"700\" height=\"400\" src=\"https:\/\/vidaverde19.nl\/wp-content\/uploads\/2025\/06\/aan-de-linde.jpg\" class=\"attachment-large size-large wp-image-3694\" alt=\"Aaan de Linde Restaurant\" srcset=\"https:\/\/vidaverde19.nl\/wp-content\/uploads\/2025\/06\/aan-de-linde.jpg 700w, https:\/\/vidaverde19.nl\/wp-content\/uploads\/2025\/06\/aan-de-linde-300x171.jpg 300w\" sizes=\"(max-width: 700px) 100vw, 700px\" \/>\t\t\t\t\t\t\t\t\t\t\t\t\t\t\t<\/div>\n\t\t\t\t<\/div>\n\t\t\t\t\t<\/div>\n\t\t<\/div>\n\t\t\t\t<div class=\"elementor-column elementor-col-50 elementor-top-column elementor-element elementor-element-9f1f29a\" data-id=\"9f1f29a\" data-element_type=\"column\" data-e-type=\"column\">\n\t\t\t<div class=\"elementor-widget-wrap elementor-element-populated\">\n\t\t\t\t\t\t<div class=\"elementor-element elementor-element-869131f elementor-widget elementor-widget-heading\" data-id=\"869131f\" data-element_type=\"widget\" data-e-type=\"widget\" data-widget_type=\"heading.default\">\n\t\t\t\t<div class=\"elementor-widget-container\">\n\t\t\t\t\t<h2 class=\"elementor-heading-title elementor-size-default\">Essen @ Aan de Linde<i style=\"font-family: Montserrat;font-weight: 700;font-size: 16px;white-space: normal\">Du moment<\/i><span style=\"font-family: Montserrat;font-size: 16px;white-space: normal\">&nbsp;<\/span><\/h2>\t\t\t\t<\/div>\n\t\t\t\t<\/div>\n\t\t\t\t<div class=\"elementor-element elementor-element-62567cf elementor-widget elementor-widget-heading\" data-id=\"62567cf\" data-element_type=\"widget\" data-e-type=\"widget\" data-widget_type=\"heading.default\">\n\t\t\t\t<div class=\"elementor-widget-container\">\n\t\t\t\t\t<p class=\"elementor-heading-title elementor-size-default\"><b><i>Du moment<\/i><\/b> dass Sie Aan de Linde betreten, w\u00e4hnen Sie sich in einem authentischen Pariser <b><i>bistrot<\/i>&lt;\/bDas Innere strahlt eine warme, gem\u00fctliche und vor allem intime Atmosph\u00e4re aus und bietet den perfekten Rahmen, um all die k\u00f6stlichen Speisen und Getr\u00e4nke zu genie\u00dfen, die dieses Lokal im Herzen von Valkenburg zu bieten hat \u2013 drinnen oder drau\u00dfen.<\/p>\t\t\t\t<\/div>\n\t\t\t\t<\/div>\n\t\t\t\t<div class=\"elementor-element elementor-element-1999414 elementor-widget elementor-widget-heading\" data-id=\"1999414\" data-element_type=\"widget\" data-e-type=\"widget\" data-widget_type=\"heading.default\">\n\t\t\t\t<div class=\"elementor-widget-container\">\n\t\t\t\t\t<p class=\"elementor-heading-title elementor-size-default\">3-Gang-Men\u00fc - Vorspeise | Hauptgericht I Dessert \u20ac 45,90<\/p>\t\t\t\t<\/div>\n\t\t\t\t<\/div>\n\t\t\t\t<div class=\"elementor-element elementor-element-627a44b elementor-widget elementor-widget-heading\" data-id=\"627a44b\" data-element_type=\"widget\" data-e-type=\"widget\" data-widget_type=\"heading.default\">\n\t\t\t\t<div class=\"elementor-widget-container\">\n\t\t\t\t\t<p class=\"elementor-heading-title elementor-size-default\">F\u00fcgen Sie dies nach Ihrer Buchung \u00fcber Ihre Guest Experience-Seite hinzu. Buchen Sie zuerst ein Zimmer, um diese Extras hinzuf\u00fcgen zu k\u00f6nnen.<\/p>\t\t\t\t<\/div>\n\t\t\t\t<\/div>\n\t\t\t\t<div class=\"elementor-element elementor-element-64608f0 elementor-align-left elementor-widget elementor-widget-button\" data-id=\"64608f0\" data-element_type=\"widget\" data-e-type=\"widget\" data-widget_type=\"button.default\">\n\t\t\t\t<div class=\"elementor-widget-container\">\n\t\t\t\t\t\t\t\t\t<div class=\"elementor-button-wrapper\">\n\t\t\t\t\t<a class=\"elementor-button elementor-button-link elementor-size-sm elementor-animation-grow\" href=\"https:\/\/seagreen-dragonfly-198654.hostingersite.com\/the-suites\/\">\n\t\t\t\t\t\t<span class=\"elementor-button-content-wrapper\">\n\t\t\t\t\t\t\t\t\t<span class=\"elementor-button-text\">Buchen Sie jetzt<\/span>\n\t\t\t\t\t<\/span>\n\t\t\t\t\t<\/a>\n\t\t\t\t<\/div>\n\t\t\t\t\t\t\t\t<\/div>\n\t\t\t\t<\/div>\n\t\t\t\t\t<\/div>\n\t\t<\/div>\n\t\t\t\t\t<\/div>\n\t\t<\/section>\n\t\t\t\t<section class=\"elementor-section elementor-top-section elementor-element elementor-element-04869c3 elementor-section-content-middle elementor-reverse-tablet elementor-reverse-mobile elementor-section-boxed elementor-section-height-default elementor-section-height-default\" data-id=\"04869c3\" data-element_type=\"section\" data-e-type=\"section\" id=\"hollandcasino\" data-settings=\"{&quot;background_background&quot;:&quot;classic&quot;}\">\n\t\t\t\t\t\t<div class=\"elementor-container elementor-column-gap-default\">\n\t\t\t\t\t<div class=\"elementor-column elementor-col-50 elementor-top-column elementor-element elementor-element-668b0f4\" data-id=\"668b0f4\" data-element_type=\"column\" data-e-type=\"column\">\n\t\t\t<div class=\"elementor-widget-wrap elementor-element-populated\">\n\t\t\t\t\t\t<div class=\"elementor-element elementor-element-6f7ff81 elementor-widget elementor-widget-heading\" data-id=\"6f7ff81\" data-element_type=\"widget\" data-e-type=\"widget\" data-widget_type=\"heading.default\">\n\t\t\t\t<div class=\"elementor-widget-container\">\n\t\t\t\t\t<h2 class=\"elementor-heading-title elementor-size-default\">Holland Casino<\/h2>\t\t\t\t<\/div>\n\t\t\t\t<\/div>\n\t\t\t\t<div class=\"elementor-element elementor-element-fd410de elementor-widget elementor-widget-heading\" data-id=\"fd410de\" data-element_type=\"widget\" data-e-type=\"widget\" data-widget_type=\"heading.default\">\n\t\t\t\t<div class=\"elementor-widget-container\">\n\t\t\t\t\t<p class=\"elementor-heading-title elementor-size-default\">Erleben Sie den Nervenkitzel des Spiels und genie\u00dfen Sie ein breites und vielf\u00e4ltiges Spielangebot. Neben bekannten Tischspielen wie American Roulette und Black Jack bieten wir auch ein umfangreiches Angebot an topaktuellen Spielautomaten. Lassen Sie sich in unserer Brasserie von den k\u00f6stlichsten Gerichten unseres K\u00fcchenchefs kulinarisch \u00fcberraschen. Wir haben t\u00e4glich von 12:00 Uhr bis 3:00 Uhr ge\u00f6ffnet.<\/p>\t\t\t\t<\/div>\n\t\t\t\t<\/div>\n\t\t\t\t<div class=\"elementor-element elementor-element-1876069 elementor-widget elementor-widget-heading\" data-id=\"1876069\" data-element_type=\"widget\" data-e-type=\"widget\" data-widget_type=\"heading.default\">\n\t\t\t\t<div class=\"elementor-widget-container\">\n\t\t\t\t\t<p class=\"elementor-heading-title elementor-size-default\">Freier Eintritt f\u00fcr 2 Personen<\/p>\t\t\t\t<\/div>\n\t\t\t\t<\/div>\n\t\t\t\t<div class=\"elementor-element elementor-element-1c76154 elementor-widget elementor-widget-heading\" data-id=\"1c76154\" data-element_type=\"widget\" data-e-type=\"widget\" data-widget_type=\"heading.default\">\n\t\t\t\t<div class=\"elementor-widget-container\">\n\t\t\t\t\t<p class=\"elementor-heading-title elementor-size-default\">F\u00fcgen Sie dies nach Ihrer Buchung \u00fcber Ihre Guest Experience-Seite hinzu. Buchen Sie zuerst ein Zimmer, um diese Extras hinzuf\u00fcgen zu k\u00f6nnen.<\/p>\t\t\t\t<\/div>\n\t\t\t\t<\/div>\n\t\t\t\t<div class=\"elementor-element elementor-element-fffe28f elementor-align-left elementor-widget elementor-widget-button\" data-id=\"fffe28f\" data-element_type=\"widget\" data-e-type=\"widget\" data-widget_type=\"button.default\">\n\t\t\t\t<div class=\"elementor-widget-container\">\n\t\t\t\t\t\t\t\t\t<div class=\"elementor-button-wrapper\">\n\t\t\t\t\t<a class=\"elementor-button elementor-button-link elementor-size-sm elementor-animation-grow\" href=\"https:\/\/seagreen-dragonfly-198654.hostingersite.com\/the-suites\/\">\n\t\t\t\t\t\t<span class=\"elementor-button-content-wrapper\">\n\t\t\t\t\t\t\t\t\t<span class=\"elementor-button-text\">Buchen Sie jetzt<\/span>\n\t\t\t\t\t<\/span>\n\t\t\t\t\t<\/a>\n\t\t\t\t<\/div>\n\t\t\t\t\t\t\t\t<\/div>\n\t\t\t\t<\/div>\n\t\t\t\t\t<\/div>\n\t\t<\/div>\n\t\t\t\t<div class=\"elementor-column elementor-col-50 elementor-top-column elementor-element elementor-element-f3ec1d3\" data-id=\"f3ec1d3\" data-element_type=\"column\" data-e-type=\"column\">\n\t\t\t<div class=\"elementor-widget-wrap elementor-element-populated\">\n\t\t\t\t\t\t<div class=\"elementor-element elementor-element-5346fca elementor-widget elementor-widget-image\" data-id=\"5346fca\" data-element_type=\"widget\" data-e-type=\"widget\" data-widget_type=\"image.default\">\n\t\t\t\t<div class=\"elementor-widget-container\">\n\t\t\t\t\t\t\t\t\t\t\t\t\t\t\t<img loading=\"lazy\" decoding=\"async\" width=\"1024\" height=\"512\" src=\"https:\/\/vidaverde19.nl\/wp-content\/uploads\/2025\/06\/Holland_Casino_Valkenburg-1024x512.webp\" class=\"attachment-large size-large wp-image-3701\" alt=\"Holland Casino Valkenburg\" srcset=\"https:\/\/vidaverde19.nl\/wp-content\/uploads\/2025\/06\/Holland_Casino_Valkenburg-1024x512.webp 1024w, https:\/\/vidaverde19.nl\/wp-content\/uploads\/2025\/06\/Holland_Casino_Valkenburg-300x150.webp 300w, https:\/\/vidaverde19.nl\/wp-content\/uploads\/2025\/06\/Holland_Casino_Valkenburg-768x384.webp 768w, https:\/\/vidaverde19.nl\/wp-content\/uploads\/2025\/06\/Holland_Casino_Valkenburg.webp 1200w\" sizes=\"(max-width: 1024px) 100vw, 1024px\" \/>\t\t\t\t\t\t\t\t\t\t\t\t\t\t\t<\/div>\n\t\t\t\t<\/div>\n\t\t\t\t\t<\/div>\n\t\t<\/div>\n\t\t\t\t\t<\/div>\n\t\t<\/section>\n\t\t\t\t<\/div>\n\t\t","protected":false},"excerpt":{"rendered":"<p>Extras van: Tot: Check beschikbaarheid E-Bikes und Scooter mieten Das Limburger H\u00fcgelland l\u00e4dt zu sch\u00f6nen Rad- und Mountainbiketouren ein, die Landschaft ist abwechslungsreich mit vielen Natursch\u00f6nheiten und kulturhistorischen Elementen, die H\u00fcgelplateaus hingegen sind eine Wohltat f\u00fcr Ruhesuchende. Die malerisch gelegenen Gasth\u00f6fe und Caf\u00e9s laden zu einer st\u00e4rkenden Pause ein.Wir haben f\u00fcr jeden Radsportbegeisterten das passende [&hellip;]<\/p>\n","protected":false},"author":1,"featured_media":0,"parent":0,"menu_order":0,"comment_status":"closed","ping_status":"closed","template":"","meta":{"site-sidebar-layout":"no-sidebar","site-content-layout":"page-builder","ast-site-content-layout":"full-width-container","site-content-style":"unboxed","site-sidebar-style":"unboxed","ast-global-header-display":"","ast-banner-title-visibility":"disabled","ast-main-header-display":"","ast-hfb-above-header-display":"","ast-hfb-below-header-display":"","ast-hfb-mobile-header-display":"","site-post-title":"","ast-breadcrumbs-content":"disabled","ast-featured-img":"disabled","footer-sml-layout":"","ast-disable-related-posts":"","theme-transparent-header-meta":"default","adv-header-id-meta":"","stick-header-meta":"default","header-above-stick-meta":"","header-main-stick-meta":"","header-below-stick-meta":"","astra-migrate-meta-layouts":"set","ast-page-background-enabled":"default","ast-page-background-meta":{"desktop":{"background-color":"","background-image":"","background-repeat":"repeat","background-position":"center center","background-size":"auto","background-attachment":"scroll","background-type":"","background-media":"","overlay-type":"","overlay-color":"","overlay-opacity":"","overlay-gradient":""},"tablet":{"background-color":"","background-image":"","background-repeat":"repeat","background-position":"center center","background-size":"auto","background-attachment":"scroll","background-type":"","background-media":"","overlay-type":"","overlay-color":"","overlay-opacity":"","overlay-gradient":""},"mobile":{"background-color":"","background-image":"","background-repeat":"repeat","background-position":"center center","background-size":"auto","background-attachment":"scroll","background-type":"","background-media":"","overlay-type":"","overlay-color":"","overlay-opacity":"","overlay-gradient":""}},"ast-content-background-meta":{"desktop":{"background-color":"var(--ast-global-color-5)","background-image":"","background-repeat":"repeat","background-position":"center center","background-size":"auto","background-attachment":"scroll","background-type":"","background-media":"","overlay-type":"","overlay-color":"","overlay-opacity":"","overlay-gradient":""},"tablet":{"background-color":"var(--ast-global-color-5)","background-image":"","background-repeat":"repeat","background-position":"center center","background-size":"auto","background-attachment":"scroll","background-type":"","background-media":"","overlay-type":"","overlay-color":"","overlay-opacity":"","overlay-gradient":""},"mobile":{"background-color":"var(--ast-global-color-5)","background-image":"","background-repeat":"repeat","background-position":"center center","background-size":"auto","background-attachment":"scroll","background-type":"","background-media":"","overlay-type":"","overlay-color":"","overlay-opacity":"","overlay-gradient":""}},"footnotes":""},"class_list":["post-1400","page","type-page","status-publish","hentry"],"_links":{"self":[{"href":"https:\/\/vidaverde19.nl\/de\/wp-json\/wp\/v2\/pages\/1400","targetHints":{"allow":["GET"]}}],"collection":[{"href":"https:\/\/vidaverde19.nl\/de\/wp-json\/wp\/v2\/pages"}],"about":[{"href":"https:\/\/vidaverde19.nl\/de\/wp-json\/wp\/v2\/types\/page"}],"author":[{"embeddable":true,"href":"https:\/\/vidaverde19.nl\/de\/wp-json\/wp\/v2\/users\/1"}],"replies":[{"embeddable":true,"href":"https:\/\/vidaverde19.nl\/de\/wp-json\/wp\/v2\/comments?post=1400"}],"version-history":[{"count":18,"href":"https:\/\/vidaverde19.nl\/de\/wp-json\/wp\/v2\/pages\/1400\/revisions"}],"predecessor-version":[{"id":4159,"href":"https:\/\/vidaverde19.nl\/de\/wp-json\/wp\/v2\/pages\/1400\/revisions\/4159"}],"wp:attachment":[{"href":"https:\/\/vidaverde19.nl\/de\/wp-json\/wp\/v2\/media?parent=1400"}],"curies":[{"name":"wp","href":"https:\/\/api.w.org\/{rel}","templated":true}]}}