{"id":1398,"date":"2022-03-30T11:46:43","date_gmt":"2022-03-30T11:46:43","guid":{"rendered":"https:\/\/seagreen-dragonfly-198654.hostingersite.com\/?page_id=1398"},"modified":"2026-03-30T07:46:06","modified_gmt":"2026-03-30T07:46:06","slug":"buchungsbedingungen","status":"publish","type":"page","link":"https:\/\/vidaverde19.nl\/de\/buchungsbedingungen\/","title":{"rendered":"Buchungsbedingungen"},"content":{"rendered":"<p style=\"text-align: right;\"><button class=\"ctp-button\" onclick=\"ctp_click()\">Print<\/button><\/p>\n<p>Wir hei\u00dfen Sie herzlich willkommen bei Bed &amp; Breakfast Vida Verde in Berg en Terblijt und bitten Sie, sich mit diesen Allgemeinen Gesch\u00e4ftsbedingungen vertraut zu machen. Diese Allgemeinen Gesch\u00e4ftsbedingungen treten mit einer Reservierung in Kraft.<\/p>\n<p><strong>Hauptgast.<\/strong><\/p>\n<p>Die Person, die eine Reservierung bei Bed &amp; Breakfast Vida Verde \u00fcber ein Kontaktformular, eine E-Mail oder einen Telefonkontakt vorgenommen hat. Der Hauptgast muss 18 Jahre oder \u00e4lter sein und ist f\u00fcr seine Mitg\u00e4ste verantwortlich und muss einen st\u00e4ndigen Wohnsitz oder Wohnsitz haben.<\/p>\n<p><strong>Administrator.<\/strong><\/p>\n<p>Die Person, die das Bed &amp; Breakfast als Eigent\u00fcmer von B&amp;B Vida Verde oder im Auftrag des Eigent\u00fcmers von B&amp;B Vida Verde verwaltet.<\/p>\n<p><strong>Dritte.<\/strong><\/p>\n<p>Jede andere juristische Person, die kein Gast, Administrator oder Eigent\u00fcmer ist.<\/p>\n<p><strong>Kontakt &amp; Reservierungen.<\/strong><\/p>\n<p>\u00dcber unsere Website www.vidaverde19.nl, per E-Mail an: info@vidaverde19.nl oder telefonisch unter +3106 14290444<\/p>\n<p><strong>Stornierung.<\/strong><\/p>\n<p>Widerruf oder Aufl\u00f6sung der definitiven Reservierung innerhalb der geltenden Frist. Sie m\u00fcssen sich selbst um eine Storno- und\/oder Reiseversicherung k\u00fcmmern.<\/p>\n<p><strong>Residenz.<\/strong><\/p>\n<p>Der gesamte Zeitraum zwischen Check-in und Check-out.<\/p>\n<p><strong>Kontaktdetails.<\/strong><\/p>\n<p>Bed &amp; Breakfast Vida Verde.<\/p>\n<p>Sibberweg 19 6325AK<\/p>\n<p>Berg und Terblijt<\/p>\n<p>Telefon: +3106 14290444<\/p>\n<p>Website: www.vidaverde19.nl<\/p>\n<p>E-Mail: hello@vidaverde19.nl<\/p>\n<p>&nbsp;<\/p>\n<ol>\n<li><strong> Bed &amp; Breakfast Vida Verde.<\/strong><\/li>\n<\/ol>\n<p><strong>1.1<\/strong> Bed &amp; Breakfast Vida Verde wird auf unserer Website www.vidaverde19.nl sowie auf Websites Dritter beschrieben, auf denen unsere Zimmer angeboten werden.<\/p>\n<p>Diese Websites wurden mit gr\u00f6\u00dfter Sorgfalt zusammengestellt, dennoch kann es zu Abweichungen zwischen den auf der Website pr\u00e4sentierten Texten und\/oder Fotos und der aktuellen Situation im Bed &amp; Breakfast Vida Verde zum Zeitpunkt des Besuchs unserer G\u00e4ste kommen.<\/p>\n<p>Aus solchen Abweichungen k\u00f6nnen vom Gast keine Rechte abgeleitet werden.<\/p>\n<p><strong>1.2<\/strong>\u00a0Zwei unserer Zimmer sind f\u00fcr drei Personen und eines f\u00fcr 2 Personen geeignet. Bei Bedarf kann ein zus\u00e4tzliches Babybett gebucht werden. Haustiere k\u00f6nnen aus hygienischen Gr\u00fcnden nicht mitgebracht werden.<\/p>\n<p><strong>1.3<\/strong> Check-in ist am Anreisetag ab 15:00 Uhr. Die vereinbarten Ankunftszeiten sind Richtzeiten, aber wenn Sie viel sp\u00e4ter oder fr\u00fcher anreisen, laufen Sie Gefahr, dass niemand vom Bed &amp; Breakfast anwesend ist. Wir k\u00f6nnen jedoch sicherstellen, dass Sie jederzeit eintreten k\u00f6nnen. Sollten Sie zum angegebenen Zeitpunkt nicht anwesend sein k\u00f6nnen, teilen Sie uns dies bitte schnellstm\u00f6glich mit. Abweichende Zeiten sind nur nach Absprache m\u00f6glich. Zur Reinigung der Zimmer sind diese am Abreisetag bis 11.00 Uhr zu r\u00e4umen, sofern nicht anders vereinbart.<\/p>\n<p><strong>1.4<\/strong>\u00a0Das Fr\u00fchst\u00fcck wird zwischen 08:00 und 10:00 Uhr in unserem Fr\u00fchst\u00fccksraum oder bei sch\u00f6nem Wetter auf der Terrasse oder im Garten serviert. Abweichende Fr\u00fchst\u00fcckszeiten sind nach Absprache m\u00f6glich. Sollten Sie spezielle Fr\u00fchst\u00fccksw\u00fcnsche, glutenfrei, salzarm, vegetarisch etc. haben, geben Sie dies bitte bei der Buchung an. Eine nachtr\u00e4gliche Reservierung ist nicht m\u00f6glich.<\/p>\n<p><strong>1.5<\/strong>\u00a0Das Auto kann auf dem Privatgrundst\u00fcck geparkt werden, das Parken erfolgt ausschlie\u00dflich auf eigene Gefahr.<\/p>\n<p><strong>1.6<\/strong>\u00a0Der Manager informiert Sie dar\u00fcber, welche Zimmer im Bed and Breakfast Vida Verde verf\u00fcgbar und f\u00fcr Sie nutzbar sind. Die privaten Bereiche d\u00fcrfen von G\u00e4sten nicht betreten werden. Der Au\u00dfenbereich hat auch Trennw\u00e4nde zur gemeinsamen und privaten Nutzung, es wird sehr gesch\u00e4tzt, die privaten Bereiche nicht zu betreten.<\/p>\n<p>&nbsp;<\/p>\n<ol start=\"2\">\n<li><strong> Preise.<\/strong><\/li>\n<\/ol>\n<p><strong>2.1<\/strong> Die Preise der Zimmer sind auf unserer Website beschrieben: www.vidaverde19.nl sowie auf anderen Websites, auf denen unsere Zimmer angeboten werden. Die Preise beinhalten ein reichhaltiges Fr\u00fchst\u00fcck, die Nutzung von Handt\u00fcchern und Bettw\u00e4sche, Wasser und Strom sowie die Endreinigung. Kurtaxe ist nicht inbegriffen, sofern nicht anders angegeben<\/p>\n<p><strong>2.2<\/strong>\u00a0Die Preise verstehen sich exklusive Storno- und\/oder Reiseversicherungskosten und\/oder sonstiger Kosten.<\/p>\n<p><strong>2.3<\/strong> Die Preise von Bed &amp; Breakfast Vida Verde sind stets unverbindlich und unterliegen zwischenzeitlichen \u00c4nderungen.<\/p>\n<p><strong>2.4<\/strong> Alle Eintr\u00e4ge auf unseren Websites gelten als in gutem Glauben erstellt und unterliegen stets zwischenzeitlichen Anpassungen. Bed &amp; Breakfast Vida Verde ist nicht an offensichtliche Fehler auf seinen Websites gebunden.<\/p>\n<p>&nbsp;<\/p>\n<ol start=\"3\">\n<li><strong> Reservierung und Zahlung.<\/strong><\/li>\n<\/ol>\n<p><strong>3.1<\/strong> Reservierungen k\u00f6nnen per E-Mail an info@vidaverde19.nl oder \u00fcber die Telefonnummer 0652717263 vorgenommen werden. Reservierungen k\u00f6nnen auch \u00fcber unser Online-Buchungssystem auf unserer Website www.vidaverde19.nl, Facebook und Instagram vorgenommen werden. Reservierungen k\u00f6nnen auch \u00fcber andere Online-Buchungssysteme vorgenommen werden, die unsere Zimmer anbieten.<\/p>\n<p><strong>3.2<\/strong> Nach erfolgter Reservierungsanfrage per Telefon oder E-Mail erhalten Sie von uns schnellstm\u00f6glich eine Nachricht mit den entsprechenden Informationen und ob das gew\u00fcnschte Zimmer noch f\u00fcr Sie verf\u00fcgbar ist. Sie m\u00fcssen diese Informationen innerhalb von 48 Stunden \u00fcberpr\u00fcfen und best\u00e4tigen, indem Sie eine E-Mail an info@vidaverde19.nl zur\u00fccksenden oder anderweitig schriftlich best\u00e4tigen. Mit der Best\u00e4tigung der Reservierungsanfrage kommt die Buchung zustande nur definitiv. Wenn wir nach 48 Stunden keine Best\u00e4tigung von Ihnen erhalten haben, wird die Reservierungsanfrage sofort storniert. Dies soll Entt\u00e4uschungen f\u00fcr unsere anderen G\u00e4ste vermeiden. Der verbleibende ausstehende Betrag muss 24 Stunden vor der Ankunft bezahlt werden. Reservierungen \u00fcber unsere Website-Buchungssysteme und andere Online-Buchungswebsites werden sofort best\u00e4tigt und sind endg\u00fcltig.<\/p>\n<p><strong>3.3<\/strong> Direktbuchungen (Buchungen \u00fcber unsere Website, E-Mail oder Telefon) m\u00fcssen die angegebene Anzahlung in H\u00f6he von drei\u00dfig Prozent (30 %) des Gesamtbetrags sofort nach Erhalt der Rechnung leisten. Bei kurzfristigen Buchungen ist der Betrag bei Ankunft in bar zu entrichten. Zahlungen f\u00fcr Ihre Reservierungen erfolgen auf folgende Kontonummer(n): Bankkontonummer: NL50 RABO 0364 0913 71 im Namen von. Vida Verde. F\u00fcr den unwahrscheinlichen Fall, dass innerhalb der vereinbarten Frist keine Anzahlung eingegangen ist, wird die get\u00e4tigte Reservierung sofort storniert. Sie erhalten eine Stornierungsbest\u00e4tigung von B&amp;B Vida Verde.<\/p>\n<p><strong>3.4<\/strong> Geschenkgutscheine. Geschenkgutscheine m\u00fcssen innerhalb von 1 Jahr ab Rechnungsdatum eingel\u00f6st werden oder ein vorab geplantes Datum innerhalb des Jahres ab Rechnungsdatum festlegen. Der Geschenkgutschein ist auf Dritte \u00fcbertragbar. Die Stornobedingungen gelten f\u00fcr Geschenkgutscheine und Nichtanreise oder Stornierung.<\/p>\n<p>&nbsp;<\/p>\n<ol start=\"4\">\n<li><strong> Stornierungsbedingungen.<\/strong><\/li>\n<\/ol>\n<p><strong>4.1<\/strong> Wenn eine endg\u00fcltige Reservierung f\u00fcr das Bed &amp; Breakfast vorgenommen und best\u00e4tigt wurde, gilt Folgendes f\u00fcr die Stornierung dieser Reservierung:<\/p>\n<p>&#8211; Bei einer Stornierung von 5 bis 3 Tagen vor dem Anreisedatum betr\u00e4gt die Stornogeb\u00fchr 30 %.<\/p>\n<p>&#8211; Bei einer Stornierung 3 Tage oder weniger vor dem Anreisedatum betr\u00e4gt die Stornogeb\u00fchr 100 %.<\/p>\n<p>&#8211; No Show (bei Nichterscheinen) betragen die Stornokosten 100%.<\/p>\n<p>Um Anspruch auf eine R\u00fcckerstattung des gezahlten Betrags zu haben, m\u00fcssen Sie uns die Stornierung so schnell wie m\u00f6glich per E-Mail oder Telefon mitteilen. Nach R\u00fccksprache wird Ihnen der vereinbarte Betrag schnellstm\u00f6glich, sp\u00e4testens jedoch innerhalb von 21 Tagen \u00fcberwiesen. Bei vorzeitiger Abreise erfolgt keine R\u00fcckerstattung.<\/p>\n<p><strong>4.2<\/strong> Bed &amp; Breakfast Vida Verde kann den Reservierungsvertrag nur in den folgenden F\u00e4llen stornieren: im Falle h\u00f6herer Gewalt, Naturkatastrophen, au\u00dfergew\u00f6hnlicher Wetterbedingungen, Feuer, Tod des Eigent\u00fcmers oder der Familie, Krankenhausaufenthalt oder unangek\u00fcndigter Verkauf. In einem dieser F\u00e4lle wird der Eigent\u00fcmer dem Gast so schnell wie m\u00f6glich ein alternatives Angebot unterbreiten. Ist dies nicht m\u00f6glich oder nimmt der Gast die angebotene Alternative nicht an, wird der volle Betrag zur\u00fcckerstattet. Alle anderen Sch\u00e4den, die sich aus der Stornierung ergeben, werden vom Eigent\u00fcmer nicht erstattet.<\/p>\n<p>&nbsp;<\/p>\n<ol start=\"5\">\n<li><strong> Beschwerden.<\/strong><\/li>\n<\/ol>\n<p><strong>5.1<\/strong>\u00a0Wir versuchen, Ihren Aufenthalt so angenehm wie m\u00f6glich zu gestalten. Trotz unserer Sorgfalt ist es immer noch m\u00f6glich, dass Sie eine Beschwerde oder einen Kommentar haben. Um dies sachgerecht l\u00f6sen zu k\u00f6nnen, bitten wir Sie, uns schnellstm\u00f6glich vor Ort oder schriftlich per E-Mail zu informieren.<\/p>\n<p>&nbsp;<\/p>\n<ol start=\"6\">\n<li><strong> Haftung.<\/strong><\/li>\n<\/ol>\n<p>6.1 Bed &amp; Breakfast Vida Verde haftet nicht f\u00fcr Sch\u00e4den, die dem Gast oder Dritten durch den Aufenthalt in dem betreffenden Zimmer entstehen, der Gast stellt Bed &amp; Breakfast Vida Verde von diesbez\u00fcglichen Anspr\u00fcchen frei. Bed and Breakfast Vida Verde haftet nicht f\u00fcr St\u00f6rungen in und um die Unterkunft herum, wie z. B. St\u00f6rungen und Ausfall von Strom, WLAN, Wasserversorgung und technischen Installationen sowie Bau- und\/oder Stra\u00dfenarbeiten in der N\u00e4he von Bed &amp; Breakfast Vida Verde die noch nicht oder versp\u00e4tet angek\u00fcndigt wurden.<\/p>\n<p><strong>6.2<\/strong> Bed &amp; Breakfast Vida Verde \u00fcbernimmt keine Haftung f\u00fcr Verluste, Diebst\u00e4hle, Sch\u00e4den oder Unf\u00e4lle, die Personen und\/oder Sachen w\u00e4hrend oder infolge des Aufenthalts in den betreffenden Zimmern von Bed and Breakfast Vida Verde zugef\u00fcgt werden.<\/p>\n<p><strong>6.3<\/strong> Der in der Reservierungsbest\u00e4tigung genannte Hauptgast ist f\u00fcr einen geordneten Ablauf in und um das\/die betreffende(n) Zimmer(s) verantwortlich. Mit den Sachen ist pfleglich umzugehen, das Zimmer ist daher ordentlich und anst\u00e4ndig zu hinterlassen. Dies gilt auch f\u00fcr die Nutzung von Gegenst\u00e4nden im Bed and Breakfast wie: der K\u00fcche, dem Vorderhaus (Gemeinschaftsraum), dem Innen- und Au\u00dfenbereich und dem Au\u00dfenbereich des Bed and Breakfast Vida Verde. Bruch oder Besch\u00e4digung sind daher vom Gast unverz\u00fcglich dem Vermieter zu melden. Etwaige Reparatur- und\/oder Ersatzkosten sind vom Gast dem Eigent\u00fcmer auf erstes Anfordern unverz\u00fcglich zu erstatten. Wenn sich nach dem Auschecken herausstellt, dass Gegenst\u00e4nde besch\u00e4digt zur\u00fcckgelassen wurden und dies dem Eigent\u00fcmer nicht gemeldet wurde, wird die Rechnung f\u00fcr die Reparatur- und\/oder Ersatzkosten dennoch folgen.<\/p>\n<p>&nbsp;<\/p>\n<ol start=\"7\">\n<li><strong> Sicherheit.<\/strong><\/li>\n<\/ol>\n<p><strong>7.1<\/strong> Im Zusammenhang mit Ihrer eigenen Sicherheit und der des Bed and Breakfast ist es verboten, in den Zimmern zu rauchen oder offenes Feuer zu benutzen. Dies ist nur im Garten rund um das Bed and Breakfast erlaubtst. Der Missbrauch von Feuer-\/L\u00f6schmitteln oder das Deaktivieren des Rauchmelders ist nicht gestattet. Alkoholmissbrauch ist verboten, also genie\u00dfen Sie, aber trinken Sie in Ma\u00dfen. Im B&amp;B Vida Verde ist es streng verboten, Drogen zu besitzen, zu konsumieren und\/oder damit zu handeln. Die Polizei wird immer hinzugezogen.<\/p>\n<p><strong>7.2<\/strong>\u00a0Sonstige Einrichtungen im Hof \u200b\u200bsind von den G\u00e4sten pfleglich und bestimmungsgem\u00e4\u00df zu benutzen. Die Sicherheit jedes Kleinkindes muss von den Eltern oder Aufsichtspersonen gew\u00e4hrleistet werden. Denken Sie an Haustiere, Schl\u00f6sser, Autos, Traktoren, Schaufeln, Rasenm\u00e4her, Pferde mit Wagen &#8211; umliegende Autobahnen, Radwege usw.<\/p>\n<p><strong>7.3<\/strong> Es ist nicht gestattet, die Tiere im angrenzenden Hof ohne R\u00fccksprache zu f\u00fcttern.<\/p>\n<p>&nbsp;<\/p>\n<ol start=\"8\">\n<li><strong> Schlussbestimmung.<\/strong><\/li>\n<\/ol>\n<p><strong>8.1<\/strong>\u00a0Sofern in den Regeln des internationalen Privatrechts nichts anderes bestimmt ist, unterliegen diese Allgemeinen Gesch\u00e4ftsbedingungen ausschlie\u00dflich dem niederl\u00e4ndischen Recht. Es wird davon ausgegangen, dass G\u00e4ste, die kein Niederl\u00e4ndisch sprechen, mit den Allgemeinen Gesch\u00e4ftsbedingungen einverstanden sind.<\/p>\n<p><strong>8.2<\/strong>\u00a0Alle Streitigkeiten, die sich aus der Nutzungsvereinbarung oder diesen Nutzungsbedingungen ergeben, werden in erster Instanz vom zust\u00e4ndigen Gericht in den Niederlanden entschieden, sofern die Regeln des Internationalen Privatrechts nichts anderes vorsehen.<\/p>\n<p><strong>8.3<\/strong>\u00a0Keine der Parteien kann ihre Rechte und Pflichten auf Dritte \u00fcbertragen, sofern in diesen Allgemeinen Gesch\u00e4ftsbedingungen nichts anderes bestimmt ist.<\/p>\n<p><strong>8.4<\/strong>\u00a0Wenn und soweit sich eine Bestimmung in der Nutzungsvereinbarung und den vorliegenden Nutzungsbedingungen als ung\u00fcltig erweisen sollte, werden die verbleibenden<\/p>\n<p>&nbsp;<\/p>\n<p>Bedingungen und der unwirksame Artikel gilt als so umgeformt, dass er mit den offensichtlichen Absichten der Parteien in Einklang gebracht wird.<\/p>\n","protected":false},"excerpt":{"rendered":"<p>Wir hei\u00dfen Sie herzlich willkommen bei Bed &amp; Breakfast Vida Verde in Berg en Terblijt und bitten Sie, sich mit diesen Allgemeinen Gesch\u00e4ftsbedingungen vertraut zu machen. Diese Allgemeinen Gesch\u00e4ftsbedingungen treten mit einer Reservierung in Kraft. Hauptgast. Die Person, die eine Reservierung bei Bed &amp; Breakfast Vida Verde \u00fcber ein Kontaktformular, eine E-Mail oder einen Telefonkontakt [&hellip;]<\/p>\n","protected":false},"author":1,"featured_media":0,"parent":0,"menu_order":0,"comment_status":"closed","ping_status":"closed","template":"","meta":{"site-sidebar-layout":"default","site-content-layout":"default","ast-site-content-layout":"default","site-content-style":"default","site-sidebar-style":"default","ast-global-header-display":"","ast-banner-title-visibility":"","ast-main-header-display":"","ast-hfb-above-header-display":"","ast-hfb-below-header-display":"","ast-hfb-mobile-header-display":"","site-post-title":"","ast-breadcrumbs-content":"","ast-featured-img":"","footer-sml-layout":"","ast-disable-related-posts":"","theme-transparent-header-meta":"default","adv-header-id-meta":"","stick-header-meta":"default","header-above-stick-meta":"","header-main-stick-meta":"","header-below-stick-meta":"","astra-migrate-meta-layouts":"default","ast-page-background-enabled":"default","ast-page-background-meta":{"desktop":{"background-color":"","background-image":"","background-repeat":"repeat","background-position":"center center","background-size":"auto","background-attachment":"scroll","background-type":"","background-media":"","overlay-type":"","overlay-color":"","overlay-opacity":"","overlay-gradient":""},"tablet":{"background-color":"","background-image":"","background-repeat":"repeat","background-position":"center center","background-size":"auto","background-attachment":"scroll","background-type":"","background-media":"","overlay-type":"","overlay-color":"","overlay-opacity":"","overlay-gradient":""},"mobile":{"background-color":"","background-image":"","background-repeat":"repeat","background-position":"center center","background-size":"auto","background-attachment":"scroll","background-type":"","background-media":"","overlay-type":"","overlay-color":"","overlay-opacity":"","overlay-gradient":""}},"ast-content-background-meta":{"desktop":{"background-color":"var(--ast-global-color-5)","background-image":"","background-repeat":"repeat","background-position":"center center","background-size":"auto","background-attachment":"scroll","background-type":"","background-media":"","overlay-type":"","overlay-color":"","overlay-opacity":"","overlay-gradient":""},"tablet":{"background-color":"var(--ast-global-color-5)","background-image":"","background-repeat":"repeat","background-position":"center center","background-size":"auto","background-attachment":"scroll","background-type":"","background-media":"","overlay-type":"","overlay-color":"","overlay-opacity":"","overlay-gradient":""},"mobile":{"background-color":"var(--ast-global-color-5)","background-image":"","background-repeat":"repeat","background-position":"center center","background-size":"auto","background-attachment":"scroll","background-type":"","background-media":"","overlay-type":"","overlay-color":"","overlay-opacity":"","overlay-gradient":""}},"footnotes":""},"class_list":["post-1398","page","type-page","status-publish","hentry"],"_links":{"self":[{"href":"https:\/\/vidaverde19.nl\/de\/wp-json\/wp\/v2\/pages\/1398","targetHints":{"allow":["GET"]}}],"collection":[{"href":"https:\/\/vidaverde19.nl\/de\/wp-json\/wp\/v2\/pages"}],"about":[{"href":"https:\/\/vidaverde19.nl\/de\/wp-json\/wp\/v2\/types\/page"}],"author":[{"embeddable":true,"href":"https:\/\/vidaverde19.nl\/de\/wp-json\/wp\/v2\/users\/1"}],"replies":[{"embeddable":true,"href":"https:\/\/vidaverde19.nl\/de\/wp-json\/wp\/v2\/comments?post=1398"}],"version-history":[{"count":6,"href":"https:\/\/vidaverde19.nl\/de\/wp-json\/wp\/v2\/pages\/1398\/revisions"}],"predecessor-version":[{"id":3901,"href":"https:\/\/vidaverde19.nl\/de\/wp-json\/wp\/v2\/pages\/1398\/revisions\/3901"}],"wp:attachment":[{"href":"https:\/\/vidaverde19.nl\/de\/wp-json\/wp\/v2\/media?parent=1398"}],"curies":[{"name":"wp","href":"https:\/\/api.w.org\/{rel}","templated":true}]}}