{"id":1392,"date":"2022-03-30T11:46:33","date_gmt":"2022-03-30T11:46:33","guid":{"rendered":"https:\/\/seagreen-dragonfly-198654.hostingersite.com\/ueber-uns\/"},"modified":"2026-05-04T16:39:01","modified_gmt":"2026-05-04T16:39:01","slug":"ueber-uns","status":"publish","type":"page","link":"https:\/\/vidaverde19.nl\/de\/ueber-uns\/","title":{"rendered":"\u00dcber uns"},"content":{"rendered":"\t\t<div data-elementor-type=\"wp-page\" data-elementor-id=\"1392\" class=\"elementor elementor-1392 elementor-78\">\n\t\t\t\t\t\t<section class=\"elementor-section elementor-top-section elementor-element elementor-element-b4a28a8 elementor-section-height-min-height elementor-section-boxed elementor-section-height-default elementor-section-items-middle\" data-id=\"b4a28a8\" data-element_type=\"section\" data-e-type=\"section\" data-settings=\"{&quot;background_background&quot;:&quot;classic&quot;}\">\n\t\t\t\t\t\t\t<div class=\"elementor-background-overlay\"><\/div>\n\t\t\t\t\t\t\t<div class=\"elementor-container elementor-column-gap-default\">\n\t\t\t\t\t<div class=\"elementor-column elementor-col-100 elementor-top-column elementor-element elementor-element-16f7076\" data-id=\"16f7076\" data-element_type=\"column\" data-e-type=\"column\">\n\t\t\t<div class=\"elementor-widget-wrap elementor-element-populated\">\n\t\t\t\t\t\t<div class=\"elementor-element elementor-element-60bbb18 elementor-widget elementor-widget-heading\" data-id=\"60bbb18\" data-element_type=\"widget\" data-e-type=\"widget\" data-widget_type=\"heading.default\">\n\t\t\t\t<div class=\"elementor-widget-container\">\n\t\t\t\t\t<h1 class=\"elementor-heading-title elementor-size-default\">\u00dcber uns<\/h1>\t\t\t\t<\/div>\n\t\t\t\t<\/div>\n\t\t\t\t\t<\/div>\n\t\t<\/div>\n\t\t\t\t\t<\/div>\n\t\t<\/section>\n\t\t\t\t<section class=\"elementor-section elementor-top-section elementor-element elementor-element-9f2d568 elementor-section-boxed elementor-section-height-default elementor-section-height-default\" data-id=\"9f2d568\" data-element_type=\"section\" data-e-type=\"section\">\n\t\t\t\t\t\t<div class=\"elementor-container elementor-column-gap-default\">\n\t\t\t\t\t<div class=\"elementor-column elementor-col-100 elementor-top-column elementor-element elementor-element-9d3cc11\" data-id=\"9d3cc11\" data-element_type=\"column\" data-e-type=\"column\">\n\t\t\t<div class=\"elementor-widget-wrap elementor-element-populated\">\n\t\t\t\t\t\t<div class=\"elementor-element elementor-element-f94b577 elementor-widget elementor-widget-heading\" data-id=\"f94b577\" data-element_type=\"widget\" data-e-type=\"widget\" data-widget_type=\"heading.default\">\n\t\t\t\t<div class=\"elementor-widget-container\">\n\t\t\t\t\t<p class=\"elementor-heading-title elementor-size-default\">Mitten im Heuvelland, zwischen dem gesch\u00e4ftigen Valkenburg und dem burgundischen Maastricht, finden Sie am Rande eines kleinen D\u00f6rfchens das VIDA VERDE mit Bed &amp; Breakfast. Das Anwesen verdankt seinen Namen der gr\u00fcnen Umgebung und dem nachhaltigen Charakter, mit dem das Haus bewirtschaftet wird. Das VIDA VERDE bestand fr\u00fcher aus einem Wohnhaus und einer Werkstatt und wurde k\u00fcrzlich vollst\u00e4ndig umgebaut und kernsaniert. Es verf\u00fcgt nun \u00fcber drei stilvolle G\u00e4stezimmer und (im Erdgeschoss) einen gro\u00dfz\u00fcgig dimensionierten Fr\u00fchst\u00fcckstisch samt Au\u00dfenterrasse - der aktuell leider erst \"nach Corona\" genutzt werden kann - so lange bringen wir Ihnen das Fr\u00fchst\u00fcck gern aufs Zimmer!<\/p>\t\t\t\t<\/div>\n\t\t\t\t<\/div>\n\t\t\t\t<section class=\"elementor-section elementor-inner-section elementor-element elementor-element-656c4e6 elementor-section-boxed elementor-section-height-default elementor-section-height-default\" data-id=\"656c4e6\" data-element_type=\"section\" data-e-type=\"section\">\n\t\t\t\t\t\t<div class=\"elementor-container elementor-column-gap-default\">\n\t\t\t\t\t<div class=\"elementor-column elementor-col-100 elementor-inner-column elementor-element elementor-element-c93f339\" data-id=\"c93f339\" data-element_type=\"column\" data-e-type=\"column\">\n\t\t\t<div class=\"elementor-widget-wrap elementor-element-populated\">\n\t\t\t\t\t\t<div class=\"elementor-element elementor-element-cba0eaf elementor-widget elementor-widget-heading\" data-id=\"cba0eaf\" data-element_type=\"widget\" data-e-type=\"widget\" data-widget_type=\"heading.default\">\n\t\t\t\t<div class=\"elementor-widget-container\">\n\t\t\t\t\t<h2 class=\"elementor-heading-title elementor-size-default\">Unsere Nachhaltigkeitsreiseney<\/h2>\t\t\t\t<\/div>\n\t\t\t\t<\/div>\n\t\t\t\t<div class=\"elementor-element elementor-element-19cb986 elementor-widget elementor-widget-text-editor\" data-id=\"19cb986\" data-element_type=\"widget\" data-e-type=\"widget\" data-widget_type=\"text-editor.default\">\n\t\t\t\t<div class=\"elementor-widget-container\">\n\t\t\t\t\t\t\t\t\t<p>Wir sind Kingsley und Ine, die Inhaber von Vida Verde. Von Anfang an wollten wir einen Ort schaffen, der warm, nat\u00fcrlich und einladend wirkt \u2014 ein Zuhause, in dem G\u00e4ste entspannen k\u00f6nnen, w\u00e4hrend wir auf eine Weise leben, die die Welt um uns herum respektiert.<\/p>\n<p>Bei Vida Verde glauben wir, dass jede kleine Entscheidung einen bedeutenden Unterschied machen kann. Als wir hier begonnen haben, war unser Traum ganz einfach: einen Ort zu schaffen, der Ruhe ausstrahlt und gleichzeitig so nachhaltig wie m\u00f6glich ist.<\/p>\n<p>Im Laufe der Jahre sind wir zu leidenschaftlichen, umweltbewussten Gastgebern geworden. Nicht, weil es ein Trend ist, sondern weil es sich richtig anf\u00fchlt. Wir heizen unser Haus ohne Gas, sammeln Regenwasser, pflegen einen naturfreundlichen Garten und w\u00e4hlen Materialien und Produkte, die umweltvertr\u00e4glich sind. Es sind kleine Schritte, aber gemeinsam bilden sie einen Lebensstil, an den wir wirklich glauben.<\/p>\n<p>Gleichzeitig sind wir \u00fcberzeugt, dass Nachhaltigkeit niemals auf Kosten des Komforts gehen darf. Unsere G\u00e4ste genie\u00dfen einen warmen, entspannten Aufenthalt mit allen modernen Annehmlichkeiten \u2014 ohne jeglichen Druck, selbst \u201enachhaltig sein zu m\u00fcssen\u201c. Sie sind hier, um zur Ruhe zu kommen, nicht um sich anzupassen. Wenn unsere Entscheidungen jemanden inspirieren, ist das wunderbar. Wenn nicht, ist das genauso gut.<\/p>\n<p>Wir hoffen, dass unsere G\u00e4ste hier nicht nur \u00fcbernachten, sondern die Ruhe, die Sorgfalt und die Absicht sp\u00fcren, die hinter allem stehen, was wir tun. Und vielleicht nehmen sie, wenn sie nach Hause zur\u00fcckkehren, ein wenig Inspiration mit. Eine neue Idee. Eine kleine Gewohnheit. Einen Funken.<\/p>\n<p>Denn eine bessere Welt beginnt nicht mit gro\u00dfen Reden. Sie beginnt mit Menschen, die sich k\u00fcmmern \u2014 und die Schritt f\u00fcr Schritt bewusst handeln.<\/p>\n\t\t\t\t\t\t\t\t<\/div>\n\t\t\t\t<\/div>\n\t\t\t\t\t<\/div>\n\t\t<\/div>\n\t\t\t\t\t<\/div>\n\t\t<\/section>\n\t\t\t\t<div class=\"elementor-element elementor-element-db19d47 elementor-widget-divider--view-line elementor-widget elementor-widget-divider\" data-id=\"db19d47\" data-element_type=\"widget\" data-e-type=\"widget\" data-widget_type=\"divider.default\">\n\t\t\t\t<div class=\"elementor-widget-container\">\n\t\t\t\t\t\t\t<div class=\"elementor-divider\">\n\t\t\t<span class=\"elementor-divider-separator\">\n\t\t\t\t\t\t<\/span>\n\t\t<\/div>\n\t\t\t\t\t\t<\/div>\n\t\t\t\t<\/div>\n\t\t\t\t<div class=\"elementor-element elementor-element-e786b6a elementor-widget elementor-widget-html\" data-id=\"e786b6a\" data-element_type=\"widget\" data-e-type=\"widget\" data-widget_type=\"html.default\">\n\t\t\t\t<div class=\"elementor-widget-container\">\n\t\t\t\t\t<iframe src=\"https:\/\/www.google.com\/maps\/embed?pb=!1m18!1m12!1m3!1d2518.7096316065595!2d5.8105539514377496!3d50.855061079432815!2m3!1f0!2f0!3f0!3m2!1i1024!2i768!4f13.1!3m3!1m2!1s0x47c0eabb797c0001%3A0x7ab8da8dbade12e5!2sVidaverde19!5e0!3m2!1sen!2s!4v1649411001357!5m2!1sen!2s\" width=\"600\" height=\"450\" style=\"border:0;\" allowfullscreen=\"\" loading=\"lazy\" referrerpolicy=\"no-referrer-when-downgrade\"><\/iframe>\t\t\t\t<\/div>\n\t\t\t\t<\/div>\n\t\t\t\t\t<\/div>\n\t\t<\/div>\n\t\t\t\t\t<\/div>\n\t\t<\/section>\n\t\t\t\t<\/div>\n\t\t","protected":false},"excerpt":{"rendered":"<p>\u00dcber uns Mitten im Heuvelland, zwischen dem gesch\u00e4ftigen Valkenburg und dem burgundischen Maastricht, finden Sie am Rande eines kleinen D\u00f6rfchens das VIDA VERDE mit Bed &amp; Breakfast. Das Anwesen verdankt seinen Namen der gr\u00fcnen Umgebung und dem nachhaltigen Charakter, mit dem das Haus bewirtschaftet wird. Das VIDA VERDE bestand fr\u00fcher aus einem Wohnhaus und einer [&hellip;]<\/p>\n","protected":false},"author":1,"featured_media":0,"parent":0,"menu_order":0,"comment_status":"closed","ping_status":"closed","template":"","meta":{"site-sidebar-layout":"no-sidebar","site-content-layout":"page-builder","ast-site-content-layout":"full-width-container","site-content-style":"unboxed","site-sidebar-style":"unboxed","ast-global-header-display":"","ast-banner-title-visibility":"","ast-main-header-display":"","ast-hfb-above-header-display":"","ast-hfb-below-header-display":"","ast-hfb-mobile-header-display":"","site-post-title":"disabled","ast-breadcrumbs-content":"disabled","ast-featured-img":"disabled","footer-sml-layout":"","ast-disable-related-posts":"","theme-transparent-header-meta":"default","adv-header-id-meta":"","stick-header-meta":"default","header-above-stick-meta":"","header-main-stick-meta":"","header-below-stick-meta":"","astra-migrate-meta-layouts":"default","ast-page-background-enabled":"default","ast-page-background-meta":{"desktop":{"background-color":"","background-image":"","background-repeat":"repeat","background-position":"center center","background-size":"auto","background-attachment":"scroll","background-type":"","background-media":"","overlay-type":"","overlay-color":"","overlay-opacity":"","overlay-gradient":""},"tablet":{"background-color":"","background-image":"","background-repeat":"repeat","background-position":"center center","background-size":"auto","background-attachment":"scroll","background-type":"","background-media":"","overlay-type":"","overlay-color":"","overlay-opacity":"","overlay-gradient":""},"mobile":{"background-color":"","background-image":"","background-repeat":"repeat","background-position":"center center","background-size":"auto","background-attachment":"scroll","background-type":"","background-media":"","overlay-type":"","overlay-color":"","overlay-opacity":"","overlay-gradient":""}},"ast-content-background-meta":{"desktop":{"background-color":"var(--ast-global-color-5)","background-image":"","background-repeat":"repeat","background-position":"center center","background-size":"auto","background-attachment":"scroll","background-type":"","background-media":"","overlay-type":"","overlay-color":"","overlay-opacity":"","overlay-gradient":""},"tablet":{"background-color":"var(--ast-global-color-5)","background-image":"","background-repeat":"repeat","background-position":"center center","background-size":"auto","background-attachment":"scroll","background-type":"","background-media":"","overlay-type":"","overlay-color":"","overlay-opacity":"","overlay-gradient":""},"mobile":{"background-color":"var(--ast-global-color-5)","background-image":"","background-repeat":"repeat","background-position":"center center","background-size":"auto","background-attachment":"scroll","background-type":"","background-media":"","overlay-type":"","overlay-color":"","overlay-opacity":"","overlay-gradient":""}},"footnotes":""},"class_list":["post-1392","page","type-page","status-publish","hentry"],"_links":{"self":[{"href":"https:\/\/vidaverde19.nl\/de\/wp-json\/wp\/v2\/pages\/1392","targetHints":{"allow":["GET"]}}],"collection":[{"href":"https:\/\/vidaverde19.nl\/de\/wp-json\/wp\/v2\/pages"}],"about":[{"href":"https:\/\/vidaverde19.nl\/de\/wp-json\/wp\/v2\/types\/page"}],"author":[{"embeddable":true,"href":"https:\/\/vidaverde19.nl\/de\/wp-json\/wp\/v2\/users\/1"}],"replies":[{"embeddable":true,"href":"https:\/\/vidaverde19.nl\/de\/wp-json\/wp\/v2\/comments?post=1392"}],"version-history":[{"count":5,"href":"https:\/\/vidaverde19.nl\/de\/wp-json\/wp\/v2\/pages\/1392\/revisions"}],"predecessor-version":[{"id":4394,"href":"https:\/\/vidaverde19.nl\/de\/wp-json\/wp\/v2\/pages\/1392\/revisions\/4394"}],"wp:attachment":[{"href":"https:\/\/vidaverde19.nl\/de\/wp-json\/wp\/v2\/media?parent=1392"}],"curies":[{"name":"wp","href":"https:\/\/api.w.org\/{rel}","templated":true}]}}