{"id":1390,"date":"2022-03-30T11:46:58","date_gmt":"2022-03-30T11:46:58","guid":{"rendered":"https:\/\/seagreen-dragonfly-198654.hostingersite.com\/?page_id=1390"},"modified":"2026-03-29T20:28:08","modified_gmt":"2026-03-29T20:28:08","slug":"hausregeln","status":"publish","type":"page","link":"https:\/\/vidaverde19.nl\/de\/hausregeln\/","title":{"rendered":"Hausregeln"},"content":{"rendered":"<button class=\"ctp-button\" onclick=\"ctp_click()\">Print<\/button>\n<p><strong>Maximale Belegung<\/strong><\/p>\n<p>B&amp;B Vida Verde verf\u00fcgt \u00fcber 1 Doppelzimmer und 2 Dreibettzimmer. Die Zimmer sind f\u00fcr eine maximale Belegung von 2 Personen im Doppelzimmer und 3 Personen im Dreibettzimmer geeignet. Es ist daher nicht gestattet, mit mehr als der gegen\u00fcberliegenden Personenzahl zu \u00fcbernachten und\/oder sich im Zimmer aufzuhalten oder zu fr\u00fchst\u00fccken. Nach Absprache kann ein Kind mit einem Kinderbett in Ihrem Zimmer schlafen. Bei \u00dcberschreitung der auf dem Reservierungsformular angegebenen Maximalbelegung berechnet B&amp;B Vida Verde zus\u00e4tzlich zu den bereits geschuldeten \u00dcbernachtungskosten 100 % des zu diesem Zeitpunkt g\u00fcltigen \u00dcbernachtungspreises pro \u00dcbertretung.<\/p>\n<p><strong>Einchecken<\/strong><\/p>\n<p>Check-in ist grunds\u00e4tzlich ab 15:00 Uhr. Eine andere Zeit kann in Absprache mit der Gastgeberin vereinbart werden. Der Check-in erfolgt vorzugsweise vor 20:00 Uhr. Vida Verde bevorzugt es, G\u00e4ste pers\u00f6nlich zu empfangen und durch den Check-in zu f\u00fchren. Aus diesem Grund empfehlen wir Ihnen, mindestens einen Tag vor Ihrer Ankunft Ihre voraussichtliche Ankunftszeit anzugeben. Wir bitten Sie, am Tag selbst eine Stunde vor Ankunft anzurufen. Vida Verde bietet die M\u00f6glichkeit zum Self-Check-in. Wenn wir zu Ihrer Ankunftszeit nicht anwesend sind, senden wir Ihnen die digitalen Check-in-Anweisungen. Sie k\u00f6nnen auch fr\u00fcher anreisen, um beispielsweise Ihr Gep\u00e4ck abzustellen und den digitalen Schl\u00fcssel abzuholen. Vor dem Einchecken k\u00f6nnen Sie sich am Seiteneingang des B&amp;B melden.<\/p>\n<p><strong>Besucher<\/strong><\/p>\n<p>Wenn Sie G\u00e4ste empfangen m\u00f6chten, m\u00fcssen Sie dies dem Gastgeber\/Gastgeber im Voraus mitteilen.<\/p>\n<p><strong>Check-out<\/strong><\/p>\n<p>Der Auschecken muss am Abreisetag vor 11:00 Uhr erfolgen. Je nach Besetzung kann in Absprache mit (und nach Genehmigung durch) der Gastgeberin eine andere Check-out-Zeit bis 12:00 Uhr gelten. Richtwert bleibt jedoch 11:00 Uhr.<\/p>\n<p><strong>Schl\u00fcsselverwaltung<\/strong><\/p>\n<p>Am Anreisetag erhalten Sie digitale Codes mit einem Link zur Installation Ihres digitalen Schl\u00fcssels auf Ihrem Handy. Mit dieser Webanwendung auf Ihrem Handy k\u00f6nnen Sie unser Schiebetor, Gehtor, den Eingang zum B&amp;B und auch Ihre Zimmert\u00fcr \u00f6ffnen. Wenn Sie eine digitale Pipette bevorzugen, wird Ihnen bei der Ankunft eine digitale Pipette angeboten. Sie sind daf\u00fcr verantwortlich, die T\u00fcren Ihrer Unterkunft abzuschlie\u00dfen und das Licht auszuschalten. Beim Auschecken geben Sie bitte den Schl\u00fcssel an den Gastgeber\/die Gastgeberin zur\u00fcck.<\/p>\n<p><strong>Fr\u00fchst\u00fcck<\/strong><\/p>\n<p>Wenn Sie den Fr\u00fchst\u00fccksservice in Anspruch nehmen, sorgen wir daf\u00fcr, dass jeden Morgen ein frisches Fr\u00fchst\u00fcck f\u00fcr Sie bereitsteht. Das Fr\u00fchst\u00fcck wird im Speisesaal serviert, sodass Sie es jederzeit in Ruhe genie\u00dfen k\u00f6nnen. Das Fr\u00fchst\u00fcck wird jeden Morgen um 08:00 Uhr im gemeinsamen Speisesaal serviert. Sie k\u00f6nnen bis 10:00 Uhr fr\u00fchst\u00fccken.<\/p>\n<p><strong>Schl\u00fcssel verlieren<\/strong><\/p>\n<p>Bei Verlust der Abgabe berechnet Ihnen B&amp;B Vida Verde 10,00 \u20ac.<\/p>\n<p><strong>Bettw\u00e4sche und Handt\u00fccher<\/strong><\/p>\n<p>Bei l\u00e4ngeren Aufenthalten werden Handt\u00fccher und Bettw\u00e4sche nach Ihren W\u00fcnschen gewechselt. Die Kosten hierf\u00fcr sind im Preis enthalten, sofern hier\u00fcber keine anderen Vereinbarungen getroffen wurden.<\/p>\n<p><strong>Hygiene sichern<\/strong><\/p>\n<p>Es ist nicht erlaubt, in den Betten in den Zimmern ohne Laken und Kissenbez\u00fcge zu schlafen. Sollten w\u00e4hrend der \u00dcbernachtung nicht entfernbare Flecken auf Matratze, Bettdecke, Tagesdecke und dekorativen Kissen oder Handt\u00fcchern auftreten, wird B&amp;B Vidaverde dem Kunden die dadurch entstehenden Reinigungskosten und\/oder Kosten f\u00fcr den Austausch der Materialien in Rechnung stellen.<\/p>\n<p><strong>Preise<\/strong><\/p>\n<p>Die Preise beinhalten Gas, Wasser, Strom, Bett-, Bad- und K\u00fcchenw\u00e4sche. Die Verwendung von Kaffee und Tee. Kostenlose Nutzung von WLAN und kostenlose Parkpl\u00e4tze vor Ort im B&amp;B Vida Verde.<\/p>\n<p>F\u00fcr den unwahrscheinlichen Fall, dass die Dienste wie WLAN w\u00e4hrend seines Aufenthalts im B&amp;B Vida Verde nicht oder nicht ordnungsgem\u00e4\u00df funktionieren, hat der Kunde keinen Anspruch auf R\u00fcckerstattung des gesamten oder eines Teils des geschuldeten Zimmerpreises.<\/p>\n<p><strong>Parken<\/strong><\/p>\n<p>Ihr Auto k\u00f6nnen Sie auf den ausgewiesenen Pl\u00e4tzen auf dem Gel\u00e4nde abstellen. Wenn der Parkplatz voll ist, weist Sie der Gastgeber oder die Gastgeberin auf einen anderen Platz im Hof \u200b\u200bzum Parken hin. Das Parken ist nur f\u00fcr die Dauer des Aufenthalts im B&amp;B Vida Verde gestattet. Das Parken auf dem Gel\u00e4nde des B&amp;B Vida Verde erfolgt auf eigene Gefahr. B&amp;B Vida Verde haftet nicht f\u00fcr Diebstahl und\/oder Sch\u00e4den jeglicher Art.<\/p>\n<p><strong>Klang<\/strong><\/p>\n<p>Das B&amp;B Vidaverde bittet seine G\u00e4ste, in ihren Mietunterk\u00fcnften und in den Gemeinschaftsr\u00e4umen keinen L\u00e4rm zu machen. Jegliche Musik \u2013 und jeder andere Ton \u2013 der in irgendeiner Weise erzeugt wird, muss auf Raumst\u00e4rke abgestimmt sein, damit keine L\u00e4rmbel\u00e4stigung f\u00fcr andere G\u00e4ste und Anwohner entsteht und ist in jedem Fall von 22:00 Uhr abends bis 07:00 Uhr verboten der Morgen. Wir bitten die G\u00e4ste besonders auf L\u00e4rmbel\u00e4stigung in der Einfahrt und Terrasse zu achten.<\/p>\n<p><strong>Abfall<\/strong><\/p>\n<p>M\u00fcll kann in den daf\u00fcr vorgesehenen M\u00fcllcontainern entsorgt werden. Sie k\u00f6nnen leere Gl\u00e4ser oder Plastik hinterlassen, dies wird der Gastgeber oder die Gastgeberin sein im Zusammenhang mit der M\u00fclltrennung f\u00fcr Sie aufr\u00e4umen.<\/p>\n<p><strong>Haustiere<\/strong><\/p>\n<p>Haustiere sind nicht erlaubt<\/p>\n<p><strong>Rauchen<\/strong><\/p>\n<p>Im B&amp;B Vida Verde ist das Rauchen in den Unterk\u00fcnften und den Gemeinschaftsr\u00e4umen verboten. In Absprache kann auf der Terrasse geraucht werden, sofern andere nicht darunter leiden und die Sicherheit nicht gef\u00e4hrdet wird. Die Terrasse muss zigarettenfrei bleiben. Kippen m\u00fcssen daher in der entsprechenden Kippentonne gelassen werden.<\/p>\n<p><strong>Alkohol und (weiche) Drogen<\/strong><\/p>\n<p>Alkoholmissbrauch ist verboten, also genie\u00dfen Sie, aber trinken Sie in Ma\u00dfen. Im B&amp;B Vida Verdet ist es streng verboten, Drogen zu besitzen, zu konsumieren und\/oder damit zu handeln. Die Polizei wird immer hinzugezogen.<\/p>\n<p><strong>Internet<\/strong><\/p>\n<p>B&amp;B Vida Verde bietet ein WIFI-G\u00e4stenetzwerk. Der Nutzer wird den Besuch von Internetseiten unterlassen, die illegaler Natur sind oder die nicht dem Ruf von B&amp;B Vida Verde als Anbieter der Unterkunft entsprechen. Im Falle der Feststellung oder des Verdachts einer Bel\u00e4stigung durch Dritte und\/oder (anderen) Internetmissbrauchs durch den Benutzer hat B&amp;B Vida Verde das Recht, den Zugang zum Internet ohne weitere Ank\u00fcndigung vollst\u00e4ndig oder nicht zu sperren.<\/p>\n<p><strong>Verletzung<\/strong><\/p>\n<p>B&amp;B Vida Verde haftet in keiner Weise f\u00fcr Sch\u00e4den, Verluste oder Diebst\u00e4hle, die Sie w\u00e4hrend Ihres Aufenthalts im B&amp;B Vida Verde erleiden oder erleiden.<\/p>\n<p>Wenn w\u00e4hrend Ihres Aufenthalts Sch\u00e4den an der Unterkunft oder deren Einrichtungsgegenst\u00e4nden entstehen, m\u00fcssen Sie den Gastgeber oder die Gastgeberin informieren.<\/p>\n","protected":false},"excerpt":{"rendered":"<p>Maximale Belegung B&amp;B Vida Verde verf\u00fcgt \u00fcber 1 Doppelzimmer und 2 Dreibettzimmer. Die Zimmer sind f\u00fcr eine maximale Belegung von 2 Personen im Doppelzimmer und 3 Personen im Dreibettzimmer geeignet. Es ist daher nicht gestattet, mit mehr als der gegen\u00fcberliegenden Personenzahl zu \u00fcbernachten und\/oder sich im Zimmer aufzuhalten oder zu fr\u00fchst\u00fccken. Nach Absprache kann ein [&hellip;]<\/p>\n","protected":false},"author":1,"featured_media":0,"parent":0,"menu_order":0,"comment_status":"closed","ping_status":"closed","template":"","meta":{"site-sidebar-layout":"default","site-content-layout":"default","ast-site-content-layout":"default","site-content-style":"default","site-sidebar-style":"default","ast-global-header-display":"","ast-banner-title-visibility":"","ast-main-header-display":"","ast-hfb-above-header-display":"","ast-hfb-below-header-display":"","ast-hfb-mobile-header-display":"","site-post-title":"","ast-breadcrumbs-content":"","ast-featured-img":"","footer-sml-layout":"","ast-disable-related-posts":"","theme-transparent-header-meta":"default","adv-header-id-meta":"","stick-header-meta":"default","header-above-stick-meta":"","header-main-stick-meta":"","header-below-stick-meta":"","astra-migrate-meta-layouts":"set","ast-page-background-enabled":"default","ast-page-background-meta":{"desktop":{"background-color":"","background-image":"","background-repeat":"repeat","background-position":"center center","background-size":"auto","background-attachment":"scroll","background-type":"","background-media":"","overlay-type":"","overlay-color":"","overlay-opacity":"","overlay-gradient":""},"tablet":{"background-color":"","background-image":"","background-repeat":"repeat","background-position":"center center","background-size":"auto","background-attachment":"scroll","background-type":"","background-media":"","overlay-type":"","overlay-color":"","overlay-opacity":"","overlay-gradient":""},"mobile":{"background-color":"","background-image":"","background-repeat":"repeat","background-position":"center center","background-size":"auto","background-attachment":"scroll","background-type":"","background-media":"","overlay-type":"","overlay-color":"","overlay-opacity":"","overlay-gradient":""}},"ast-content-background-meta":{"desktop":{"background-color":"var(--ast-global-color-5)","background-image":"","background-repeat":"repeat","background-position":"center center","background-size":"auto","background-attachment":"scroll","background-type":"","background-media":"","overlay-type":"","overlay-color":"","overlay-opacity":"","overlay-gradient":""},"tablet":{"background-color":"var(--ast-global-color-5)","background-image":"","background-repeat":"repeat","background-position":"center center","background-size":"auto","background-attachment":"scroll","background-type":"","background-media":"","overlay-type":"","overlay-color":"","overlay-opacity":"","overlay-gradient":""},"mobile":{"background-color":"var(--ast-global-color-5)","background-image":"","background-repeat":"repeat","background-position":"center center","background-size":"auto","background-attachment":"scroll","background-type":"","background-media":"","overlay-type":"","overlay-color":"","overlay-opacity":"","overlay-gradient":""}},"footnotes":""},"class_list":["post-1390","page","type-page","status-publish","hentry"],"_links":{"self":[{"href":"https:\/\/vidaverde19.nl\/de\/wp-json\/wp\/v2\/pages\/1390","targetHints":{"allow":["GET"]}}],"collection":[{"href":"https:\/\/vidaverde19.nl\/de\/wp-json\/wp\/v2\/pages"}],"about":[{"href":"https:\/\/vidaverde19.nl\/de\/wp-json\/wp\/v2\/types\/page"}],"author":[{"embeddable":true,"href":"https:\/\/vidaverde19.nl\/de\/wp-json\/wp\/v2\/users\/1"}],"replies":[{"embeddable":true,"href":"https:\/\/vidaverde19.nl\/de\/wp-json\/wp\/v2\/comments?post=1390"}],"version-history":[{"count":3,"href":"https:\/\/vidaverde19.nl\/de\/wp-json\/wp\/v2\/pages\/1390\/revisions"}],"predecessor-version":[{"id":2045,"href":"https:\/\/vidaverde19.nl\/de\/wp-json\/wp\/v2\/pages\/1390\/revisions\/2045"}],"wp:attachment":[{"href":"https:\/\/vidaverde19.nl\/de\/wp-json\/wp\/v2\/media?parent=1390"}],"curies":[{"name":"wp","href":"https:\/\/api.w.org\/{rel}","templated":true}]}}